{"id":2652,"date":"2019-12-29T19:26:45","date_gmt":"2019-12-29T17:26:45","guid":{"rendered":"https:\/\/mytervis.ee\/ru\/?post_type=product&#038;p=2652"},"modified":"2020-10-28T06:26:52","modified_gmt":"2020-10-28T04:26:52","slug":"aku-kupud","status":"publish","type":"product","link":"https:\/\/mytervis.ee\/ru\/product\/aku-kupud\/","title":{"rendered":"\u0410\u043a\u0443-\u0431\u0430\u043d\u043a\u0430"},"content":{"rendered":"<p>\u041c\u044b \u043f\u0440\u0438\u043c\u0435\u043d\u044f\u0435\u043c \u0410\u043a\u0443-\u0431\u0430\u043d\u043a\u0438 \u043d\u0430 \u0441\u043f\u0435\u0446\u0438\u0430\u043b\u044c\u043d\u044b\u0435 \u0442\u043e\u0447\u043a\u0438 \u043f\u043e \u0432\u0441\u0435\u043c\u0443 \u0442\u0435\u043b\u0443, \u0433\u0434\u0435 \u0433\u043b\u0443\u0431\u043e\u043a\u0438\u0435 \u0441\u043b\u043e\u0438 \u0442\u043a\u0430\u043d\u0435\u0439 \u0441\u0445\u043e\u0434\u044f\u0442\u0441\u044f \u0432\u043c\u0435\u0441\u0442\u0435, \u0441\u043e\u0435\u0434\u0438\u043d\u044f\u044f \u0447\u0430\u0441\u0442\u0438 \u0442\u0435\u043b\u0430 \u0434\u0440\u0443\u0433 \u0441 \u0434\u0440\u0443\u0433\u043e\u043c. \u0420\u0430\u0441\u0441\u043b\u0430\u0431\u0438\u0432 \u043e\u0434\u043d\u0443 \u0442\u043e\u0447\u043a\u0443, \u043c\u044b \u0437\u0430\u0442\u0440\u0430\u0433\u0438\u0432\u0430\u0435\u043c \u043d\u0435\u0441\u043a\u043e\u043b\u044c\u043a\u043e \u0441\u043b\u043e\u0451\u0432 \u043e\u0434\u043d\u043e\u0432\u0440\u0435\u043c\u0435\u043d\u043d\u043e. \u041c\u0430\u043d\u0438\u043f\u0443\u043b\u044f\u0446\u0438\u044f \u044d\u0442\u0438\u0445 \u0442\u043e\u0447\u0435\u043a \u0441 \u043f\u043e\u043c\u043e\u0449\u044c\u044e \u043d\u0430\u0448\u0438\u0445 \u0431\u0430\u043d\u043e\u043a \u043f\u043e\u0437\u0432\u043e\u043b\u044f\u0435\u0442 \u0434\u043e\u0431\u0438\u0442\u044c\u0441\u044f \u0431\u043e\u043b\u0435\u0435 \u044d\u0444\u0444\u0435\u043a\u0442\u0438\u0432\u043d\u044b\u0445 \u0440\u0435\u0437\u0443\u043b\u044c\u0442\u0430\u0442\u043e\u0432 \u043f\u0440\u0438 \u0441\u0430\u043c\u043e\u043b\u0435\u0447\u0435\u043d\u0438\u0438.<\/p>\n<p>\u0412\u044b\u0433\u043e\u0434\u0430 \u043e\u0442 \u0438\u0441\u043f\u043e\u043b\u044c\u0437\u043e\u0432\u0430\u043d\u0438\u044f \u0410\u043a\u0443-\u0431\u0430\u043d\u043e\u043a, \u0437\u0430\u043a\u043b\u044e\u0447\u0430\u0435\u0442\u0441\u044f \u0432 \u0442\u043e\u043c, \u0447\u0442\u043e:<\/p>\n<ul>\n<li>\u0441\u043d\u0438\u0436\u0430\u0435\u0442\u0441\u044f \u0434\u0430\u0432\u043b\u0435\u043d\u0438\u0435 \u043d\u0430 \u0441\u043e\u0441\u0443\u0434\u044b \u0438 \u043d\u0435\u0440\u0432\u044b<\/li>\n<li>\u0443\u043b\u0443\u0447\u0448\u0430\u0435\u0442\u0441\u044f \u0446\u0438\u0440\u043a\u0443\u043b\u044f\u0446\u0438\u0438 \u043a\u0440\u043e\u0432\u0438 \u0438 \u043b\u0438\u043c\u0444\u044b<\/li>\n<li>\u043a\u0438\u0441\u043b\u043e\u0440\u043e\u0434 \u0434\u043e\u0441\u0442\u0430\u0432\u043b\u044f\u0435\u0442\u0441\u044f \u0433\u043b\u0443\u0431\u043e\u043a\u043e \u0432 \u0442\u043a\u0430\u043d\u0438<\/li>\n<li>\u0434\u043e\u0441\u0442\u0430\u0432\u043b\u044f\u044e\u0442\u0441\u044f \u043f\u0438\u0442\u0430\u0442\u0435\u043b\u044c\u043d\u044b\u0435 \u0432\u0435\u0449\u0435\u0441\u0442\u0432\u0430 \u0432\u0441\u0435\u043c \u043d\u0430\u043f\u0440\u044f\u0436\u0435\u043d\u043d\u044b\u043c \u043c\u044b\u0448\u0446\u0430\u043c, \u0447\u0442\u043e\u0431\u044b \u043f\u0438\u0442\u0430\u0442\u044c \u0438\u0445 \u0438 \u0441\u043f\u043e\u0441\u043e\u0431\u0441\u0442\u0432\u043e\u0432\u0430\u0442\u044c \u043e\u0437\u0434\u043e\u0440\u043e\u0432\u043b\u0435\u043d\u0438\u044e \u0438 \u0434\u0435\u0442\u043e\u043a\u0441\u0438\u043a\u0430\u0446\u0438\u0438\u2026<\/li>\n<\/ul>\n<p>\u041f\u0440\u0438\u043c\u0435\u043d\u0435\u043d\u0438\u0435 \u0410\u043a\u0443-\u0431\u0430\u043d\u043e\u043a \u0438\u043c\u0438\u0442\u0438\u0440\u0443\u0435\u0442 \u0440\u0443\u0447\u043d\u043e\u0439 \u0433\u043b\u0443\u0431\u043e\u043a\u0438\u0439 \u043c\u0430\u0441\u0441\u0430\u0436 \u0442\u043a\u0430\u043d\u0435\u0439, \u043d\u043e \u043a\u0430\u043a \u0431\u044b \u00ab\u043d\u0430\u043e\u0431\u043e\u0440\u043e\u0442\u00bb &#8212; \u0432\u043c\u0435\u0441\u0442\u043e \u0441\u0434\u0430\u0432\u043b\u0438\u0432\u0430\u043d\u0438\u044f \u043f\u0440\u043e\u0438\u0441\u0445\u043e\u0434\u0438\u0442 \u00ab\u043d\u0430\u0442\u044f\u0436\u043a\u0430\u00bb \u0442\u043a\u0430\u043d\u0435\u0439 \u0432\u0432\u0435\u0440\u0445.<\/p>\n<p>\u042d\u0442\u043e\u0442 \u043c\u0435\u0442\u043e\u0434 \u043e\u0442\u043b\u0438\u0447\u043d\u043e \u043f\u043e\u0434\u0445\u043e\u0434\u0438\u0442 \u0434\u043b\u044f \u043f\u0430\u0446\u0438\u0435\u043d\u0442\u043e\u0432<\/p>\n<ul>\n<li>\u0440\u0430\u0437\u043b\u0438\u0447\u043d\u044b\u043c\u0438 \u043c\u044b\u0448\u0435\u0447\u043d\u044b\u043c\u0438 \u0431\u043e\u043b\u044f\u043c\u0438<\/li>\n<li>c \u0431\u043e\u043b\u044c\u044e \u0432 \u0441\u043f\u0438\u043d\u0435<\/li>\n<li>\u0441 \u0431\u043e\u043b\u044c\u044e \u0432 \u043f\u043b\u0435\u0447\u0435<\/li>\n<li>\u0441 \u0431\u043e\u043b\u044c\u044e \u0432 \u0441\u0443\u0441\u0442\u0430\u0432\u0430\u0445<\/li>\n<li>\u0441\u043f\u043e\u0440\u0442\u0438\u0432\u043d\u044b\u0435 \u0442\u0440\u0430\u0432\u043c\u044b<\/li>\n<li>\u0441 \u0445\u0440\u043e\u043d\u0438\u0447\u0435\u0441\u043a\u0438\u043c\u0438 \u0431\u043e\u043b\u044f\u043c\u0438<\/li>\n<li>\u0441 \u0442\u044f\u0436\u0435\u0441\u0442\u044c\u044e \u0432 \u043d\u043e\u0433\u0430\u0445<\/li>\n<\/ul>\n","protected":false},"excerpt":{"rendered":"<p>\u0410\u043a\u0443 \u0411\u0430\u043d\u043a\u0438 \u0431\u044b\u043b\u0438 \u0440\u0430\u0437\u0440\u0430\u0431\u043e\u0442\u0430\u043d\u044b \u0434\u043b\u044f \u043f\u0440\u043e\u0441\u0442\u043e\u0442\u044b \u0438\u0441\u043f\u043e\u043b\u044c\u0437\u043e\u0432\u0430\u043d\u0438\u044f \u0438 \u0443\u043f\u0440\u043e\u0441\u0442\u0438\u043b\u0438 \u043f\u0440\u043e\u0446\u0435\u0434\u0443\u0440\u0443 \u0432\u0430\u043a\u0443\u0443\u043c\u043d\u043e\u0439 \u0442\u0435\u0440\u0430\u043f\u0438\u0438 \u0434\u043b\u044f \u0441\u0430\u043c\u043e\u0441\u0442\u043e\u044f\u0442\u0435\u043b\u044c\u043d\u043e\u0433\u043e \u0438\u0441\u043f\u043e\u043b\u044c\u0437\u043e\u0432\u0430\u043d\u0438\u044f. \u0411\u0430\u043d\u043a\u0438 \u0441\u043e\u0437\u0434\u0430\u044e\u0442 \u0432\u0430\u043a\u0443\u0443\u043c \u043d\u0430 \u043a\u043e\u0436\u0435 \u0447\u0435\u043b\u043e\u0432\u0435\u043a\u0430 \u0438 \u0443\u0441\u0442\u0440\u0430\u043d\u044f\u044e\u0442 \u00ab\u0437\u0430\u0436\u0430\u0442\u043e\u0441\u0442\u0438\u00bb, \u043f\u0443\u0442\u0451\u043c \u043f\u043b\u043e\u0442\u043d\u043e\u0433\u043e \u043d\u0430\u0442\u044f\u0436\u0435\u043d\u0438\u044f \u0433\u043b\u0443\u0431\u043e\u043a\u0438\u0445 \u0441\u043b\u043e\u0451\u0432 \u043c\u044b\u0448\u0435\u0447\u043d\u043e\u0439 \u0442\u043a\u0430\u043d\u0438 \u0432\u0432\u0435\u0440\u0445.<\/p>\n","protected":false},"featured_media":3170,"template":"","meta":{"_exactmetrics_skip_tracking":false,"_exactmetrics_sitenote_active":false,"_exactmetrics_sitenote_note":"","_exactmetrics_sitenote_category":0},"product_brand":[],"product_cat":[92],"product_tag":[85,83,86,81,82,84,87],"class_list":{"0":"post-2652","1":"product","2":"type-product","3":"status-publish","4":"has-post-thumbnail","6":"product_cat-kuppud","7":"product_tag-abdomen","8":"product_tag-shoulder","9":"product_tag-knee","10":"product_tag-hip","11":"product_tag-wrist","12":"product_tag-back","13":"product_tag-swelling","15":"first","16":"instock","17":"featured","18":"shipping-taxable","19":"purchasable","20":"product-type-simple","21":"thumb-has-effect","22":"prod-rating-off"},"yoast_head":"<!-- This site is optimized with the Yoast SEO plugin v27.1.1 - https:\/\/yoast.com\/product\/yoast-seo-wordpress\/ -->\n<title>\u0410\u043a\u0443-\u0431\u0430\u043d\u043a\u0430<\/title>\n<meta name=\"description\" content=\"\u0410\u043a\u0443 \u0411\u0430\u043d\u043a\u0438 \u0431\u044b\u043b\u0438 \u0440\u0430\u0437\u0440\u0430\u0431\u043e\u0442\u0430\u043d\u044b \u0434\u043b\u044f \u043f\u0440\u043e\u0441\u0442\u043e\u0442\u044b \u0438\u0441\u043f\u043e\u043b\u044c\u0437\u043e\u0432\u0430\u043d\u0438\u044f \u0438 \u0443\u043f\u0440\u043e\u0441\u0442\u0438\u043b\u0438 \u043f\u0440\u043e\u0446\u0435\u0434\u0443\u0440\u0443 \u0432\u0430\u043a\u0443\u0443\u043c\u043d\u043e\u0439 \u0442\u0435\u0440\u0430\u043f\u0438\u0438 \u0434\u043b\u044f \u0441\u0430\u043c\u043e\u0441\u0442\u043e\u044f\u0442\u0435\u043b\u044c\u043d\u043e\u0433\u043e \u0438\u0441\u043f\u043e\u043b\u044c\u0437\u043e\u0432\u0430\u043d\u0438\u044f. \u0411\u0430\u043d\u043a\u0438 \u0441\u043e\u0437\u0434\u0430\u044e\u0442 \u0432\u0430\u043a\u0443\u0443\u043c \u043d\u0430 \u043a\u043e\u0436\u0435 \u0447\u0435\u043b\u043e\u0432\u0435\u043a\u0430 \u0438 \u0443\u0441\u0442\u0440\u0430\u043d\u044f\u044e\u0442 \u00ab\u0437\u0430\u0436\u0430\u0442\u043e\u0441\u0442\u0438\u00bb, \u043f\u0443\u0442\u0451\u043c \u043f\u043b\u043e\u0442\u043d\u043e\u0433\u043e \u043d\u0430\u0442\u044f\u0436\u0435\u043d\u0438\u044f \u0433\u043b\u0443\u0431\u043e\u043a\u0438\u0445 \u0441\u043b\u043e\u0451\u0432 \u043c\u044b\u0448\u0435\u0447\u043d\u043e\u0439 \u0442\u043a\u0430\u043d\u0438 \u0432\u0432\u0435\u0440\u0445.\" \/>\n<meta name=\"robots\" content=\"index, follow, max-snippet:-1, max-image-preview:large, max-video-preview:-1\" \/>\n<link rel=\"canonical\" href=\"https:\/\/mytervis.ee\/ru\/product\/aku-kupud\/\" \/>\n<meta property=\"og:locale\" content=\"ru_RU\" \/>\n<meta property=\"og:locale:alternate\" content=\"et\" \/>\n<meta property=\"og:type\" content=\"article\" \/>\n<meta property=\"og:title\" content=\"\u0410\u043a\u0443-\u0431\u0430\u043d\u043a\u0430\" \/>\n<meta property=\"og:description\" content=\"Aku-kupud olid v\u00e4lja t\u00f6\u00f6tatud kasutuse lihtsustamiseks ja tegid vaakumteraapia protseduuri iseseisvaks kasutamiseks palju lihtsamaks. Kupud moodustavad inimese nahal vaakumi ja eemaldavad &quot;kokkusurutused&quot; lihaskoe s\u00fcgavate kihtide tiheda pinguldusega \u00fclespoole.\" \/>\n<meta property=\"og:url\" content=\"https:\/\/mytervis.ee\/ru\/product\/aku-kupud\/\" \/>\n<meta property=\"og:site_name\" content=\"MyTervis\" \/>\n<meta property=\"article:publisher\" content=\"https:\/\/www.facebook.com\/mytervis\/\" \/>\n<meta property=\"article:modified_time\" content=\"2020-10-28T04:26:52+00:00\" \/>\n<meta property=\"og:image\" content=\"https:\/\/mytervis.ee\/wp-content\/uploads\/2019\/12\/IMG_7151.jpg\" \/>\n\t<meta property=\"og:image:width\" content=\"1000\" \/>\n\t<meta property=\"og:image:height\" content=\"1000\" \/>\n\t<meta property=\"og:image:type\" content=\"image\/jpeg\" \/>\n<meta name=\"twitter:card\" content=\"summary_large_image\" \/>\n<meta name=\"twitter:label1\" content=\"\u041f\u0440\u0438\u043c\u0435\u0440\u043d\u043e\u0435 \u0432\u0440\u0435\u043c\u044f \u0434\u043b\u044f \u0447\u0442\u0435\u043d\u0438\u044f\" \/>\n\t<meta name=\"twitter:data1\" content=\"1 \u043c\u0438\u043d\u0443\u0442\u0430\" \/>\n<script type=\"application\/ld+json\" class=\"yoast-schema-graph\">{\"@context\":\"https:\/\/schema.org\",\"@graph\":[{\"@type\":\"WebPage\",\"@id\":\"https:\/\/mytervis.ee\/product\/aku-kupud\/\",\"url\":\"https:\/\/mytervis.ee\/product\/aku-kupud\/\",\"name\":\"\u0410\u043a\u0443-\u0431\u0430\u043d\u043a\u0430\",\"isPartOf\":{\"@id\":\"https:\/\/mytervis.ee\/#website\"},\"primaryImageOfPage\":{\"@id\":\"https:\/\/mytervis.ee\/product\/aku-kupud\/#primaryimage\"},\"image\":{\"@id\":\"https:\/\/mytervis.ee\/product\/aku-kupud\/#primaryimage\"},\"thumbnailUrl\":\"https:\/\/mytervis.ee\/wp-content\/uploads\/2019\/12\/IMG_7151.jpg\",\"datePublished\":\"2019-12-29T17:26:45+00:00\",\"dateModified\":\"2020-10-28T04:26:52+00:00\",\"description\":\"Aku-kupud olid v\u00e4lja t\u00f6\u00f6tatud kasutuse lihtsustamiseks ja tegid vaakumteraapia protseduuri iseseisvaks kasutamiseks palju lihtsamaks. Kupud moodustavad inimese nahal vaakumi ja eemaldavad \\\"kokkusurutused\\\" lihaskoe s\u00fcgavate kihtide tiheda pinguldusega \u00fclespoole.\",\"breadcrumb\":{\"@id\":\"https:\/\/mytervis.ee\/product\/aku-kupud\/#breadcrumb\"},\"inLanguage\":\"ru-RU\",\"potentialAction\":[{\"@type\":\"ReadAction\",\"target\":[\"https:\/\/mytervis.ee\/product\/aku-kupud\/\"]}]},{\"@type\":\"ImageObject\",\"inLanguage\":\"ru-RU\",\"@id\":\"https:\/\/mytervis.ee\/product\/aku-kupud\/#primaryimage\",\"url\":\"https:\/\/mytervis.ee\/wp-content\/uploads\/2019\/12\/IMG_7151.jpg\",\"contentUrl\":\"https:\/\/mytervis.ee\/wp-content\/uploads\/2019\/12\/IMG_7151.jpg\",\"width\":1000,\"height\":1000,\"caption\":\"\u0410\u043a\u0443 \u0431\u0430\u043d\u043a\u0430\"},{\"@type\":\"BreadcrumbList\",\"@id\":\"https:\/\/mytervis.ee\/product\/aku-kupud\/#breadcrumb\",\"itemListElement\":[{\"@type\":\"ListItem\",\"position\":1,\"name\":\"\u0413\u043b\u0430\u0432\u043d\u0430\u044f \u0441\u0442\u0440\u0430\u043d\u0438\u0446\u0430\",\"item\":\"https:\/\/mytervis.ee\/\"},{\"@type\":\"ListItem\",\"position\":2,\"name\":\"E-pood\",\"item\":\"https:\/\/mytervis.ee\/shop\/\"},{\"@type\":\"ListItem\",\"position\":3,\"name\":\"Aku-kupp\"}]},{\"@type\":\"WebSite\",\"@id\":\"https:\/\/mytervis.ee\/#website\",\"url\":\"https:\/\/mytervis.ee\/\",\"name\":\"MyTervis\",\"description\":\"f\u00fcsioteraapia stuudio\",\"potentialAction\":[{\"@type\":\"SearchAction\",\"target\":{\"@type\":\"EntryPoint\",\"urlTemplate\":\"https:\/\/mytervis.ee\/?s={search_term_string}\"},\"query-input\":{\"@type\":\"PropertyValueSpecification\",\"valueRequired\":true,\"valueName\":\"search_term_string\"}}],\"inLanguage\":\"ru-RU\"}]}<\/script>\n<!-- \/ Yoast SEO plugin. -->","yoast_head_json":{"title":"\u0410\u043a\u0443-\u0431\u0430\u043d\u043a\u0430","description":"\u0410\u043a\u0443 \u0411\u0430\u043d\u043a\u0438 \u0431\u044b\u043b\u0438 \u0440\u0430\u0437\u0440\u0430\u0431\u043e\u0442\u0430\u043d\u044b \u0434\u043b\u044f \u043f\u0440\u043e\u0441\u0442\u043e\u0442\u044b \u0438\u0441\u043f\u043e\u043b\u044c\u0437\u043e\u0432\u0430\u043d\u0438\u044f \u0438 \u0443\u043f\u0440\u043e\u0441\u0442\u0438\u043b\u0438 \u043f\u0440\u043e\u0446\u0435\u0434\u0443\u0440\u0443 \u0432\u0430\u043a\u0443\u0443\u043c\u043d\u043e\u0439 \u0442\u0435\u0440\u0430\u043f\u0438\u0438 \u0434\u043b\u044f \u0441\u0430\u043c\u043e\u0441\u0442\u043e\u044f\u0442\u0435\u043b\u044c\u043d\u043e\u0433\u043e \u0438\u0441\u043f\u043e\u043b\u044c\u0437\u043e\u0432\u0430\u043d\u0438\u044f. \u0411\u0430\u043d\u043a\u0438 \u0441\u043e\u0437\u0434\u0430\u044e\u0442 \u0432\u0430\u043a\u0443\u0443\u043c \u043d\u0430 \u043a\u043e\u0436\u0435 \u0447\u0435\u043b\u043e\u0432\u0435\u043a\u0430 \u0438 \u0443\u0441\u0442\u0440\u0430\u043d\u044f\u044e\u0442 \u00ab\u0437\u0430\u0436\u0430\u0442\u043e\u0441\u0442\u0438\u00bb, \u043f\u0443\u0442\u0451\u043c \u043f\u043b\u043e\u0442\u043d\u043e\u0433\u043e \u043d\u0430\u0442\u044f\u0436\u0435\u043d\u0438\u044f \u0433\u043b\u0443\u0431\u043e\u043a\u0438\u0445 \u0441\u043b\u043e\u0451\u0432 \u043c\u044b\u0448\u0435\u0447\u043d\u043e\u0439 \u0442\u043a\u0430\u043d\u0438 \u0432\u0432\u0435\u0440\u0445.","robots":{"index":"index","follow":"follow","max-snippet":"max-snippet:-1","max-image-preview":"max-image-preview:large","max-video-preview":"max-video-preview:-1"},"canonical":"https:\/\/mytervis.ee\/ru\/product\/aku-kupud\/","og_locale":"ru_RU","og_type":"article","og_title":"[:et]Aku-kupp[:ru]\u0410\u043a\u0443-\u0431\u0430\u043d\u043a\u0430[:] - MyTervis","og_description":"Aku-kupud olid v\u00e4lja t\u00f6\u00f6tatud kasutuse lihtsustamiseks ja tegid vaakumteraapia protseduuri iseseisvaks kasutamiseks palju lihtsamaks. Kupud moodustavad inimese nahal vaakumi ja eemaldavad \"kokkusurutused\" lihaskoe s\u00fcgavate kihtide tiheda pinguldusega \u00fclespoole.","og_url":"https:\/\/mytervis.ee\/ru\/product\/aku-kupud\/","og_site_name":"MyTervis","article_publisher":"https:\/\/www.facebook.com\/mytervis\/","article_modified_time":"2020-10-28T04:26:52+00:00","og_image":[{"width":1000,"height":1000,"url":"https:\/\/mytervis.ee\/wp-content\/uploads\/2019\/12\/IMG_7151.jpg","type":"image\/jpeg"}],"twitter_card":"summary_large_image","twitter_misc":{"\u041f\u0440\u0438\u043c\u0435\u0440\u043d\u043e\u0435 \u0432\u0440\u0435\u043c\u044f \u0434\u043b\u044f \u0447\u0442\u0435\u043d\u0438\u044f":"1 \u043c\u0438\u043d\u0443\u0442\u0430"},"schema":{"@context":"https:\/\/schema.org","@graph":[{"@type":"WebPage","@id":"https:\/\/mytervis.ee\/product\/aku-kupud\/","url":"https:\/\/mytervis.ee\/product\/aku-kupud\/","name":"\u0410\u043a\u0443-\u0431\u0430\u043d\u043a\u0430","isPartOf":{"@id":"https:\/\/mytervis.ee\/#website"},"primaryImageOfPage":{"@id":"https:\/\/mytervis.ee\/product\/aku-kupud\/#primaryimage"},"image":{"@id":"https:\/\/mytervis.ee\/product\/aku-kupud\/#primaryimage"},"thumbnailUrl":"https:\/\/mytervis.ee\/wp-content\/uploads\/2019\/12\/IMG_7151.jpg","datePublished":"2019-12-29T17:26:45+00:00","dateModified":"2020-10-28T04:26:52+00:00","description":"Aku-kupud olid v\u00e4lja t\u00f6\u00f6tatud kasutuse lihtsustamiseks ja tegid vaakumteraapia protseduuri iseseisvaks kasutamiseks palju lihtsamaks. Kupud moodustavad inimese nahal vaakumi ja eemaldavad \"kokkusurutused\" lihaskoe s\u00fcgavate kihtide tiheda pinguldusega \u00fclespoole.","breadcrumb":{"@id":"https:\/\/mytervis.ee\/product\/aku-kupud\/#breadcrumb"},"inLanguage":"ru-RU","potentialAction":[{"@type":"ReadAction","target":["https:\/\/mytervis.ee\/product\/aku-kupud\/"]}]},{"@type":"ImageObject","inLanguage":"ru-RU","@id":"https:\/\/mytervis.ee\/product\/aku-kupud\/#primaryimage","url":"https:\/\/mytervis.ee\/wp-content\/uploads\/2019\/12\/IMG_7151.jpg","contentUrl":"https:\/\/mytervis.ee\/wp-content\/uploads\/2019\/12\/IMG_7151.jpg","width":1000,"height":1000,"caption":"\u0410\u043a\u0443 \u0431\u0430\u043d\u043a\u0430"},{"@type":"BreadcrumbList","@id":"https:\/\/mytervis.ee\/product\/aku-kupud\/#breadcrumb","itemListElement":[{"@type":"ListItem","position":1,"name":"\u0413\u043b\u0430\u0432\u043d\u0430\u044f \u0441\u0442\u0440\u0430\u043d\u0438\u0446\u0430","item":"https:\/\/mytervis.ee\/"},{"@type":"ListItem","position":2,"name":"E-pood","item":"https:\/\/mytervis.ee\/shop\/"},{"@type":"ListItem","position":3,"name":"Aku-kupp"}]},{"@type":"WebSite","@id":"https:\/\/mytervis.ee\/#website","url":"https:\/\/mytervis.ee\/","name":"MyTervis","description":"f\u00fcsioteraapia stuudio","potentialAction":[{"@type":"SearchAction","target":{"@type":"EntryPoint","urlTemplate":"https:\/\/mytervis.ee\/?s={search_term_string}"},"query-input":{"@type":"PropertyValueSpecification","valueRequired":true,"valueName":"search_term_string"}}],"inLanguage":"ru-RU"}]}},"_links":{"self":[{"href":"https:\/\/mytervis.ee\/ru\/wp-json\/wp\/v2\/product\/2652","targetHints":{"allow":["GET"]}}],"collection":[{"href":"https:\/\/mytervis.ee\/ru\/wp-json\/wp\/v2\/product"}],"about":[{"href":"https:\/\/mytervis.ee\/ru\/wp-json\/wp\/v2\/types\/product"}],"wp:featuredmedia":[{"embeddable":true,"href":"https:\/\/mytervis.ee\/ru\/wp-json\/wp\/v2\/media\/3170"}],"wp:attachment":[{"href":"https:\/\/mytervis.ee\/ru\/wp-json\/wp\/v2\/media?parent=2652"}],"wp:term":[{"taxonomy":"product_brand","embeddable":true,"href":"https:\/\/mytervis.ee\/ru\/wp-json\/wp\/v2\/product_brand?post=2652"},{"taxonomy":"product_cat","embeddable":true,"href":"https:\/\/mytervis.ee\/ru\/wp-json\/wp\/v2\/product_cat?post=2652"},{"taxonomy":"product_tag","embeddable":true,"href":"https:\/\/mytervis.ee\/ru\/wp-json\/wp\/v2\/product_tag?post=2652"}],"curies":[{"name":"wp","href":"https:\/\/api.w.org\/{rel}","templated":true}]}}