{"id":401,"date":"2017-07-07T07:54:27","date_gmt":"2017-07-07T07:54:27","guid":{"rendered":"http:\/\/precise.la-studioweb.com\/?page_id=401"},"modified":"2019-10-16T16:06:40","modified_gmt":"2019-10-16T13:06:40","slug":"terms-and-conditions","status":"publish","type":"page","link":"https:\/\/mytervis.ee\/ru\/terms-and-conditions\/","title":{"rendered":"M\u00fc\u00fcgitingimused"},"content":{"rendered":"<p><b>Vital Element Therapy O\u00dc<\/b>, registrikoodiga 12521738, aadress P\u00e4rna tn 44-20 Kohtla-J\u00e4rve Ida-Virumaa 30326 (edaspidi <b>Teenuse osutaja<\/b>\u00a0v\u00f5i\u00a0<b>Pool<\/b>) ja\u00a0<b>klient<\/b>, kes vormistab MyTervis e-poes tellimuse ja identifitseerib end sisestades tellimusele oma isikuandmed (edaspidi <b>Teenuse kasutaja<\/b>\u00a0v\u00f5i\u00a0<b>Pool<\/b>), s\u00f5lmisid k\u00e4esoleva E-poe Kasutuslepingu (edaspidi\u00a0<b>Leping<\/b>).<\/p>\n<p><b>1.\u00a0\u00a0\u00a0\u00a0\u00a0\u00a0<\/b><b>E-POOD<\/b><\/p>\n<p>1.1. \u00a0 MyTervis e-pood (edaspidi E-pood) on Teenuse osutaja poolt loodud internetipood, mille vahendusel toimub toodete m\u00fc\u00fck Teenuse kasutajale.<\/p>\n<p>1.2. \u00a0 E-pood asub internetiaadressil www.mytervis.ee<\/p>\n<p><b>2.\u00a0\u00a0\u00a0\u00a0\u00a0\u00a0<\/b><b>\u00dcLDS\u00c4TTED<\/b><\/p>\n<p>2.1. \u00a0 Lepingupooled juhinduvad omavaheliste suhete reguleerimisel Eesti Vabariigi seadustest, muudest kehtivatest \u00f5igusaktidest ning Lepingus kokkulepitust.<\/p>\n<p>2.2. \u00a0 Teenuse osutajal on \u00f5igus mistahes ajal teha pakutavasse E-poe teenusesse muudatusi.<\/p>\n<p>2.3. \u00a0 Teenuse osutajal on \u00f5igus \u00fchepoolselt muuta Lepingu tingimusi ilma, et tal oleks kohustus teatada sellest elektronposti teel kirjalikult Teenuse kasutajale.<\/p>\n<p>2.4. \u00a0 Teenuse osutaja teeb Lepingu k\u00e4ttesaadavaks inernetiaadressil www.mytervis.ee\u00a0ostutingimuse men\u00fc\u00fcs, samuti ostuprotsessis enne Teenuse kasutaja poolt ostu eest tasumist.<\/p>\n<p><b>3.\u00a0\u00a0\u00a0\u00a0\u00a0\u00a0<\/b><b>TOOTED JA OSTU SOORITAMINE<\/b><\/p>\n<p>3.1. \u00a0 E-poes pakutavaid tooteid m\u00fc\u00fcakse f\u00fc\u00fcsilistele isikutele.<\/p>\n<p>3.2. \u00a0 Teenuse kasutaja kinnitab, et on v\u00e4hemalt 16 aastane.<\/p>\n<p>3.3. \u00a0 Kuvatud tootepildid on illustratiivse t\u00e4hendusega ning v\u00f5ivad erineda tegelikust tootest. E-poes olevad tootekirjeldused ei pruugi olla ammendavad ja v\u00f5ivad sisaldada tahtmatuid vigu.<\/p>\n<p>3.4. \u00a0 E-poes kuvatud toodete saadavus v\u00f5ib muutuda tehniliste probleemide t\u00f5ttu laoarvestus- v\u00f5i E-poe programmides.<\/p>\n<p>3.5. \u00a0 Kui toode puudub laost ning tellimust ei ole v\u00f5imalik t\u00e4ita, siis v\u00f5tab E-poe t\u00f6\u00f6taja kasutajaga \u00fchendust ning pakub v\u00e4lja v\u00f5imaliku uue tarneaja v\u00f5i toote asendamise samav\u00e4\u00e4rse teise tootega, mis on sama hinna ja kvaliteediga v\u00f5i tasutud raha tagastamise. Teenuse kasutajale tagastatakse sellisel juhul raha viivitamatult, kuid mitte hiljem kui 14 p\u00e4eva jooksul p\u00e4rast tellimuse esitamist.<\/p>\n<p>3.6. \u00a0 Teenuse kasutaja valib v\u00e4lja soovitud tooted ning kohustub sisestama tellimuse t\u00e4itmiseks n\u00f5utud andmed (perekonnanimi, eesnimi, kontakttelefon, e-posti aadress, k\u00e4ttetoimetamise aadress, postiindeks), k\u00e4ttetoimetamismeetodi, kinnitama Lepinguga tutvumist ja n\u00f5ustumist.<\/p>\n<p>3.7. \u00a0 Teenuse kasutaja kohustub esitama tellimuse vormistamisel t\u00f5esed andmed, mis on vajalikud tellimuse t\u00e4itmiseks. Teenuse osutaja ei vastuta tellimuse t\u00e4itmisel Teenuse kasutaja poolt esitatud ebakorrektsetest andmetest tingitud tellimuse mittet\u00e4itmise v\u00f5i mistahes sellest tulenevate tagaj\u00e4rgede eest.<\/p>\n<p>3.8. \u00a0 M\u00fc\u00fck toimub siis, kui Teenuse kasutaja on saatnud E-poe kaudu tellimuse ning on tellimuse eest tasunud.<\/p>\n<p><b>4. \u00a0 \u00a0 \u00a0H<\/b><b>INNAD<\/b><\/p>\n<p>4.1. \u00a0 K\u00f5ik E-poes olevad hinnad on Eurodes. Hinnad ei sisalda k\u00e4ibemaksu.<\/p>\n<p>4.2.\u00a0 \u00a0Teenuse osutaja ei ole k\u00e4ibemaksukohuslane.<\/p>\n<p>4.3. \u00a0 Teenuse osutajal on \u00f5igus igal ajal muuta E-poes kuvatavaid hindu. Kui E-poes on muudetud hindu peale Teenuse kasutaja poolt tellimuse esitamist ja selle eest tasumist, siis kohustub Teenuse osutaja tarnima Teenuse kasutajale vastavad tooted tellimuse hetkel kehtinud hindadega. Teenuse kasutajal ei ole \u00f5igust n\u00f5uda hinnavahe kompenseerimist.<\/p>\n<p><b>5.\u00a0\u00a0\u00a0\u00a0\u00a0\u00a0<\/b><b>K\u00c4TTETOIMETAMISE TINGIMUSED<\/b><\/p>\n<p>5.1. \u00a0 Teenuse osutaja v\u00f5imaldab ostetud kauba k\u00e4ttetoimetamist vaid Eesti Vabariigi piires.<\/p>\n<p>5.2. \u00a0 Teenuse kasutajal on \u00f5igus valida j\u00e4rgnevate ostetud kauba (saadetise) k\u00e4ttetoimetamisviiside vahel:<\/p>\n<p>5.2.1.\u00a0 Kaubad toimetatakse Teenuse kasutaja poolt valitud Smartpost pakiautomaati 3 t\u00f6\u00f6p\u00e4eva jooksul ostu eest tasumisest. Teenuse hind s\u00f5ltub paki suurusest. Pakiautomaati toimetamist v\u00f5imaldab Teenuse osutaja vaid juhul, kui ostetava kauba m\u00f5\u00f5tmed ei \u00fcleta pakiautomaati mahtuva paki piirm\u00f5\u00f5te. Ostetud kauba (saadetise) pakiautomaati toimetamisel saadetakse Teenuse kasutajale SMS kauba saabumisest koos uksekoodiga ning saadetist hoitakse pakiautomaadis 7 kalendrip\u00e4eva, mille jooksul kohustub Teenuse kasutaja selle v\u00e4lja v\u00f5tma. Kui Teenuse kasutaja nimetatud t\u00e4htaja jooksul saadetist v\u00e4lja ei v\u00f5ta, siis toimetatakse saadetis Teenuse osutajale tagasi ja Teenuse kasutajal on \u00f5igus ostetud kaubad isikut t\u00f5endava dokumendi esitamisel k\u00e4tte saada sealt. Teenuse osutajal ei ole nimetatud juhtumil (v\u00e4lja arvatud Lepingust taganemise korral) kohustust tagastada Teenuse saajale tasutud toimetuskulu ning Teenuse osutajal on \u00f5igus n\u00f5uda t\u00e4iendavat tasu tagastamiskulude katmiseks.<\/p>\n<p>5.2.2.\u00a0 Kaubad toimetatakse Teenuse kasutaja poolt valitud Smartpost kulleriga 3 t\u00f6\u00f6p\u00e4eva jooksul ostu eest tasumisest. Teenuse hind on 5\u20ac. Ostetud kauba (saadetise) postiasutusse toimetamisel saadetakse Teenuse kasutajale SMS kauba saabumisest postiasutusse ning saadetist hoitakse postiasutuses 15 kalendrip\u00e4eva, mille jooksul kohustub Teenuse kasutaja selle v\u00e4lja v\u00f5tma. Kui Teenuse kasutaja nimetatud t\u00e4htaja jooksul saadetist v\u00e4lja ei v\u00f5ta, siis toimetatakse saadetis Teenuse osutajale tagasi\u00a0 ja Teenuse kasutajal on \u00f5igus ostetud kaubad isikut t\u00f5endava dokumendi esitamisel k\u00e4tte saada sealt. Teenuse osutajal ei ole nimetatud juhtumil (v\u00e4lja arvatud Lepingust taganemise korral) kohustust tagastada Teenuse saajale tasutud toimetuskulu ning Teenuse osutajal on \u00f5igus n\u00f5uda t\u00e4iendavat tasu tagastamiskulude katmiseks.<\/p>\n<p>5.3.\u00a0\u00a0 Teenuse kasutaja kohustub punktides 5.2.1. \u2013 5.2.2. kirjeldatud tarneviiside kasutamise korral Teenuse osutajat kirjalikult informeerima koheselt, kuid mitte hiljem, kui 2 (kahe) t\u00f6\u00f6p\u00e4eva jooksul saadetise vastuv\u00f5tmisest, kui saadetis on mitten\u00f5uetekohaselt \u00fcle antud, purunenud, puuduj\u00e4\u00e4giga v\u00f5i mittet\u00e4iskomplektne. Samuti kohustub Teenuse kasutaja Teenuse osutajat hiljemalt 15 (viieteist) kalendrip\u00e4eva jooksul alates tellimuse kinnituse saamisest kirjalikult informeerima, kui saadetis ei ole Teenuse kasutaja poolt valitud tarneviisi teel toimetatud nimetatud sihtkohta v\u00f5i tehtud nimetatud sihtkohas k\u00e4ttesaadavaks.<\/p>\n<p><b>TAGANEMIS\u00d5IGUS<\/b><\/p>\n<p>6.1. \u00a0 F\u00fc\u00fcsilisest isikust Teenuse kasutajale kehtib 14-p\u00e4evane sidevahendi abil s\u00f5lmitud lepingust taganemis\u00f5igus. Taganemist\u00e4htaeg l\u00f5peb 14 p\u00e4eva m\u00f6\u00f6dumisel alates p\u00e4evast, mil f\u00fc\u00fcsilisest isikust Teenuse kasutaja v\u00f5i tema nimetatud kolmas isik, kes ei ole kauba vedaja, on saanud kauba f\u00fc\u00fcsiliselt enda valdusesse.<\/p>\n<p>6.2. \u00a0 Kui Teenuse kasutaja on otsustanud lepingust taganeda, tekib tal kohustus kaup Teenuse osutajale tagastada hiljemalt 14 p\u00e4eva jooksul taganemisavalduse esitamisest Teenuse osutajale.<\/p>\n<p>6.3. \u00a0 Tagastatav toode peab olema puuduseta, t\u00e4iskomplektne, originaalpakendis ja kasutamata. Tootepakendid v\u00f5ivad olla avatud vaid ettevaatlikult neid kahjustamata, nii nagu seda lubatakse tavap\u00e4raselt teha tavapoes.<\/p>\n<p>6.4. \u00a0 F\u00fc\u00fcsilisest isikust Teenuse kasutaja Lepingust taganemisel koosk\u00f5las Lepingu punktide 6.1. \u2013 6.3., tagastab Teenuse osutaja Teenuse kasutajale k\u00f5ik Lepingu raames saadud maksed, sealhulgas k\u00e4ttetoimetamiskulud (v\u00e4lja arvatud t\u00e4iendavad kulud, mis tulenevad Teenuse kasutaja poolt valitud k\u00e4ttetoimetamise viisist, mis erineb Teenuse osutaja pakutud k\u00f5ige odavamast tavap\u00e4rasest k\u00e4ttetoimetamise viisist) viivitamata, kuid hiljemalt 14 p\u00e4eva m\u00f6\u00f6dumisel alates p\u00e4evast, mil Teenuse osutaja sai teada Teenuse kasutaja otsusest Lepingust taganeda, sai lepingu esemeks olevad kaubad oma valdusesse ning need vastasid t\u00e4ielikult Lepingu punktis 6.3 kirjeldatule.<\/p>\n<p>6.5. \u00a0 Raha kantakse \u00fcle samale arvelduskontole, kust toimus selle laekumine Teenuse osutajale.<\/p>\n<p>6.6. \u00a0 Teenuse kasutaja kohustub kandma kauba tagastuskulud, v\u00e4lja arvatud juhul kui tagastatav kaup ei vastanud Teenuse kasutaja tellimusele.<\/p>\n<p>6.7. \u00a0 Juhul kui peale toote tagastamist ilmneb, et toode ei vasta Lepingu punktides 6.1. \u2013 6.3 toodud tingimustele, siis Teenuse kasutajale raha ei tagastata ning tagastatud kaup j\u00e4\u00e4b Teenuse osutaja juurde hoiule. Hoiustamise v\u00f5i Teenuse kasutajale toote tagastamisega seotud kulud katab Teenuse kasutaja.<\/p>\n<p><b>7.\u00a0\u00a0\u00a0\u00a0\u00a0\u00a0<\/b><b>PRETENSIOONIDE ESITAMISE KORD<\/b><\/p>\n<p>7.1. \u00a0 E-poest ostetud toodetele kehtib f\u00fc\u00fcsilisest isikust Teenuse kasutajale v\u00f5la\u00f5igusseaduse \u00a7-s 218 lg 2 s\u00e4testatud 2-aastane pretensiooni esitamise t\u00e4htaeg.<\/p>\n<p><b>8.\u00a0\u00a0\u00a0\u00a0\u00a0\u00a0<\/b><b>ISIKUANDMED JA NENDE KASUTAMINE<\/b><\/p>\n<p>8.1. \u00a0 Teenuse kasutaja annab selge ja teadliku n\u00f5usoleku Teenuse osutajale enda isikuandmete t\u00f6\u00f6tlemiseks.<\/p>\n<p>8.2. \u00a0 Tellimuse esitamisel Teenuse kasutaja poolt sisestatud Teenuse osutajale teatavaks saanud Teenuse kasutaja isikuandmed kantakse kliendiregistrisse ning kasutatakse m\u00fc\u00fcgiteenuse osutamiseks ja kauba pakkumiseks Teenuse kasutajale.<\/p>\n<p>8.3. \u00a0 Isikuandmete allikaks on kliendisuhte tekkimine E-poes tellimuse registreerimisel.<\/p>\n<p>8.4. \u00a0 Registreeritavate isikuandmete koosseisu kuuluvad andmed Teenuse kasutaja tellimuse kohta, ostetud kaubad, soovikorvi paigutatud tooted, perekonnanimi, eesnimi (eesnimed), t\u00e4nav, maja, korteri number, asula v\u00f5i linn, postiindeks, riik, telefoninumber, tarnimise viis, sisestatud kommentaarid, Lepinguga n\u00f5ustumine, m\u00fc\u00fcgipakkumiste saatmisega n\u00f5ustumine, kasutatav internetilehitseja ning selle versioon, operatsioonis\u00fcsteem, ip aadress, kasutatava seadme t\u00fc\u00fcp, toimingute teostamise aeg.<\/p>\n<p>8.5. \u00a0 Isikuandmeid t\u00f6\u00f6tleb Vital Element Therapy O\u00dc, registrikoodiga 12521738, aadress P\u00e4rna tn 44-20 Kohtla-J\u00e4rve Ida-Virumaa 30326.<\/p>\n<p>8.6. \u00a0 Teenuse kasutaja isikuandmeid, mis on vajalikud kauba k\u00e4ttetoimetamiseks Teenuse kasutajale edastakse kulleriteenust osutavaile ettev\u00f5ttele.<\/p>\n<p>8.7. \u00a0 Isikuandmete kaitse on tagatud k\u00f5igi seadusest tulenevate turvameetmetega.<\/p>\n<p>8.8. Teenuse osutaja kohustub mitte edastama registreeritud isikuandmeid k\u00f5rvalistele isikutele.<\/p>\n<p>8.9. Teenuse osutaja j\u00e4tab endale \u00f5iguse edastada Teenuse kasutajat puudutavaid isikuandmeid isikuile, kellel on selleks lepinguga antud \u00f5igus, seaduslik \u00f5igus ning kes t\u00f6\u00f6tleb andmeid seadusega etten\u00e4htud kohustuse t\u00e4itmiseks ning isikuile, kellel on selleks seaduslik \u00f5igus ning see toimub Teenuse kasutaja v\u00f5i muu isiku elu, tervise v\u00f5i vabaduse kaitseks.<\/p>\n<p>8.10. Teenuse kasutajal on \u00f5igus kontrollida teda ennast puudutavaid isikuandmeid samuti neid muuta v\u00f5i paluda k\u00f5rvaldada oma isikuandmed registrist.<\/p>\n<p>8.11. Teenuse kasutaja annab Teenuse osutajale n\u00f5usoleku saata tellimuse esitamisel sisestatud elektronposti aadressile tellimuskinnituse, samuti Lepingu t\u00e4itmiseks vajalike e-kirjade saatmiseks.<\/p>\n<p>8.12. Teenuse kasutaja annab Teenuse osutajale n\u00f5usoleku saata m\u00fc\u00fcgipakkumisi kasutajakonto loomisel v\u00f5i tellimuse esitamisel sisestud elektronposti aadressil juhul, kui on m\u00e4rkinud \u00e4ra vastava n\u00f5usoleku linnukesega vastavas aknas.<\/p>\n<p><b>9. \u00a0 \u00a0 \u00a0<\/b><b>VASTUTUS<\/b><\/p>\n<p>9.1. \u00a0 Teenuse osutajal lasub vastutus toote m\u00fc\u00fcgihinna ulatuses. Teenuse osutaja ei v\u00f5ta vastutust defektiga toodete poolt tekitatud kahjude eest nagu vara v\u00f5i informatsiooni kahjustumine, k\u00e4ibe v\u00f5i kasumi kaotamine.<\/p>\n<p>9.2. \u00a0 Teenuse kasutaja kohustub kasutama E-poe teenust \u00fcksnes headele tavadele tuginedes.<\/p>\n<p>9.3. \u00a0 Teenuse kasutaja vastutab ise k\u00f5ikide kasutamist eeldavate seadmete tarkvara andmesides\u00fcsteemide muretsemise ja korrashoidmisega seotud ning samuti muude E-poe Teenuse kasutamisest p\u00f5hjustatud kulutuste eest.<\/p>\n<p>9.4. \u00a0 Teenuse kasutaja vastutab t\u00e4ielikult E-poe Kasutuslepingu tingimuste vastasest ning seaduse v\u00f5i heade tavade vastasest E-poe kasutamisest tekkinud kahjude eest Teenuse osutajale, teistele Teenuse kasutajatele v\u00f5i kolmandatele isikutele.<\/p>\n<p>9.5. \u00a0 Kui \u00fcks Lepingu Pooltest on Lepingust tulenevaid kohustusi rikkunud on teisel Poolel \u00f5igus esimeselt n\u00f5uda:<\/p>\n<p>9.5.1.\u00a0 kohustuse t\u00e4itmist;<\/p>\n<p>9.5.2.\u00a0 oma v\u00f5lgnetava kohustuse t\u00e4itmisest keelduda;<\/p>\n<p>9.5.3.\u00a0 n\u00f5uda kahju h\u00fcvitamist;<\/p>\n<p>9.5.4.\u00a0 taganeda lepingust v\u00f5i \u00f6elda leping \u00fcles;<\/p>\n<p>9.5.5.\u00a0 hinna alandamist;<\/p>\n<p>9.5.6.\u00a0 rahalise kohustuse t\u00e4itmisega viivitamise korral viivist, mis on 0,15% v\u00f5lgnetavast summast iga kohustuse t\u00e4itmisega viivitatud p\u00e4eva eest.<\/p>\n<p>9.6. \u00a0 Pooled v\u00f5ivad kohustuse rikkumise korral kasutada eraldi v\u00f5i koos k\u00f5iki seadusest v\u00f5i Lepingust tulenevaid \u00f5iguskaitsevahendeid, mida saab \u00fcheaegselt kasutada, kui seadusest v\u00f5i Lepingust ei tulene teisiti. Kohustuse rikkumisest tuleneva \u00f5iguskaitsevahendi kasutamine ei v\u00f5ta Poolelt \u00f5igust n\u00f5uda kohustuse rikkumisega tekitatud kahju h\u00fcvitamist.<\/p>\n<p>9.7. \u00a0 Pool ei v\u00f5i tugineda kohustuse rikkumisele teise Poole poolt ega kasutada sellest tulenevalt \u00f5iguskaitsevahendeid niiv\u00f5rd, kuiv\u00f5rd selle rikkumise p\u00f5hjustas tema enda tegu v\u00f5i temast tulenev asjaolu v\u00f5i s\u00fcndmus, mille toimumise riisikot ta kannab.<\/p>\n<p><b>10.\u00a0\u00a0\u00a0<\/b><b>ERIMEELSUSTE LAHENDAMINE<\/b><\/p>\n<p>10.1. Lepingust tulenevad erimeelsused Teenuse kasutaja ning Teenuse osutaja vahel lahendatakse l\u00e4bir\u00e4\u00e4kimiste teel. Kokkuleppe mittesaavutamisel on Pooltel \u00f5igus p\u00f6\u00f6rduda Tarbijakaitseameti juures tegutseva tarbijakaebuste komisjoni poole v\u00f5i lahendatakse erimeelsus Harju Maakohtus.<\/p>\n<p><b>11.\u00a0\u00a0\u00a0<\/b><b>\u00a0KASUTUSTINGIMUSTEGA N\u00d5USTUMINE<\/b><\/p>\n<p>11.1. Kasutuslepingus toodud tingimustega tutvumine on Teenuse kasutajale kohustuslik.<\/p>\n<p>11.2. Tellimuse esitamisel m\u00e4rkides linnukesega vastavas aknas \u201eOlen tutvunud ja n\u00f5ustun tingimustega\u201d, n\u00f5ustub Teenuse kasutaja, et on tutvunud Lepingus toodud tingimustega, neist aru saanud ja n\u00f5ustub Lepingus toodud tingimustega.<\/p>\n","protected":false},"excerpt":{"rendered":"<p>Vital Element Therapy O\u00dc, registrikoodiga 12521738, aadress P\u00e4rna tn 44-20 Kohtla-J\u00e4rve Ida-Virumaa 30326 (edaspidi Teenuse osutaja\u00a0v\u00f5i\u00a0Pool) ja\u00a0klient, kes vormistab MyTervis e-poes tellimuse ja identifitseerib end sisestades tellimusele oma isikuandmed (edaspidi Teenuse kasutaja\u00a0v\u00f5i\u00a0Pool), s\u00f5lmisid k\u00e4esoleva E-poe Kasutuslepingu (edaspidi\u00a0Leping). 1.\u00a0\u00a0\u00a0\u00a0\u00a0\u00a0E-POOD 1.1. \u00a0 MyTervis e-pood (edaspidi E-pood) on Teenuse osutaja poolt loodud internetipood, mille vahendusel toimub toodete m\u00fc\u00fck Teenuse kasutajale. 1.2. \u00a0 E-pood&hellip;<\/p>\n","protected":false},"author":1,"featured_media":0,"parent":0,"menu_order":0,"comment_status":"closed","ping_status":"closed","template":"","meta":{"_exactmetrics_skip_tracking":false,"_exactmetrics_sitenote_active":false,"_exactmetrics_sitenote_note":"","_exactmetrics_sitenote_category":0,"footnotes":""},"class_list":["post-401","page","type-page","status-publish","hentry"],"yoast_head":"<!-- This site is optimized with the Yoast SEO plugin v27.1.1 - https:\/\/yoast.com\/product\/yoast-seo-wordpress\/ -->\n<title>M\u00fc\u00fcgitingimused<\/title>\n<meta name=\"robots\" content=\"index, follow, max-snippet:-1, max-image-preview:large, max-video-preview:-1\" \/>\n<link rel=\"canonical\" href=\"https:\/\/mytervis.ee\/ru\/terms-and-conditions\/\" \/>\n<meta property=\"og:locale\" content=\"ru_RU\" \/>\n<meta property=\"og:locale:alternate\" content=\"et\" \/>\n<meta property=\"og:type\" content=\"article\" \/>\n<meta property=\"og:title\" content=\"M\u00fc\u00fcgitingimused\" \/>\n<meta property=\"og:description\" content=\"Vital Element Therapy O\u00dc, registrikoodiga 12521738, aadress P\u00e4rna tn 44-20 Kohtla-J\u00e4rve Ida-Virumaa 30326 (edaspidi Teenuse osutaja\u00a0v\u00f5i\u00a0Pool) ja\u00a0klient, kes vormistab MyTervis e-poes tellimuse ja identifitseerib end sisestades tellimusele oma isikuandmed (edaspidi Teenuse kasutaja\u00a0v\u00f5i\u00a0Pool), s\u00f5lmisid k\u00e4esoleva E-poe Kasutuslepingu (edaspidi\u00a0Leping). 1.\u00a0\u00a0\u00a0\u00a0\u00a0\u00a0E-POOD 1.1. \u00a0 MyTervis e-pood (edaspidi E-pood) on Teenuse osutaja poolt loodud internetipood, mille vahendusel toimub toodete m\u00fc\u00fck Teenuse kasutajale. 1.2. \u00a0 E-pood&hellip;\" \/>\n<meta property=\"og:url\" content=\"https:\/\/mytervis.ee\/ru\/terms-and-conditions\/\" \/>\n<meta property=\"og:site_name\" content=\"MyTervis\" \/>\n<meta property=\"article:publisher\" content=\"https:\/\/www.facebook.com\/mytervis\/\" \/>\n<meta property=\"article:modified_time\" content=\"2019-10-16T13:06:40+00:00\" \/>\n<meta name=\"twitter:card\" content=\"summary_large_image\" \/>\n<meta name=\"twitter:label1\" content=\"\u041f\u0440\u0438\u043c\u0435\u0440\u043d\u043e\u0435 \u0432\u0440\u0435\u043c\u044f \u0434\u043b\u044f \u0447\u0442\u0435\u043d\u0438\u044f\" \/>\n\t<meta name=\"twitter:data1\" content=\"8 \u043c\u0438\u043d\u0443\u0442\" \/>\n<script type=\"application\/ld+json\" class=\"yoast-schema-graph\">{\"@context\":\"https:\/\/schema.org\",\"@graph\":[{\"@type\":\"WebPage\",\"@id\":\"https:\/\/mytervis.ee\/terms-and-conditions\/\",\"url\":\"https:\/\/mytervis.ee\/terms-and-conditions\/\",\"name\":\"M\u00fc\u00fcgitingimused\",\"isPartOf\":{\"@id\":\"https:\/\/mytervis.ee\/#website\"},\"datePublished\":\"2017-07-07T07:54:27+00:00\",\"dateModified\":\"2019-10-16T13:06:40+00:00\",\"breadcrumb\":{\"@id\":\"https:\/\/mytervis.ee\/terms-and-conditions\/#breadcrumb\"},\"inLanguage\":\"ru-RU\",\"potentialAction\":[{\"@type\":\"ReadAction\",\"target\":[\"https:\/\/mytervis.ee\/terms-and-conditions\/\"]}]},{\"@type\":\"BreadcrumbList\",\"@id\":\"https:\/\/mytervis.ee\/terms-and-conditions\/#breadcrumb\",\"itemListElement\":[{\"@type\":\"ListItem\",\"position\":1,\"name\":\"\u0413\u043b\u0430\u0432\u043d\u0430\u044f \u0441\u0442\u0440\u0430\u043d\u0438\u0446\u0430\",\"item\":\"https:\/\/mytervis.ee\/\"},{\"@type\":\"ListItem\",\"position\":2,\"name\":\"M\u00fc\u00fcgitingimused\"}]},{\"@type\":\"WebSite\",\"@id\":\"https:\/\/mytervis.ee\/#website\",\"url\":\"https:\/\/mytervis.ee\/\",\"name\":\"MyTervis\",\"description\":\"f\u00fcsioteraapia stuudio\",\"potentialAction\":[{\"@type\":\"SearchAction\",\"target\":{\"@type\":\"EntryPoint\",\"urlTemplate\":\"https:\/\/mytervis.ee\/?s={search_term_string}\"},\"query-input\":{\"@type\":\"PropertyValueSpecification\",\"valueRequired\":true,\"valueName\":\"search_term_string\"}}],\"inLanguage\":\"ru-RU\"}]}<\/script>\n<!-- \/ Yoast SEO plugin. -->","yoast_head_json":{"title":"M\u00fc\u00fcgitingimused","robots":{"index":"index","follow":"follow","max-snippet":"max-snippet:-1","max-image-preview":"max-image-preview:large","max-video-preview":"max-video-preview:-1"},"canonical":"https:\/\/mytervis.ee\/ru\/terms-and-conditions\/","og_locale":"ru_RU","og_type":"article","og_title":"[:et]M\u00fc\u00fcgitingimused[:] - MyTervis","og_description":"Vital Element Therapy O\u00dc, registrikoodiga 12521738, aadress P\u00e4rna tn 44-20 Kohtla-J\u00e4rve Ida-Virumaa 30326 (edaspidi Teenuse osutaja\u00a0v\u00f5i\u00a0Pool) ja\u00a0klient, kes vormistab MyTervis e-poes tellimuse ja identifitseerib end sisestades tellimusele oma isikuandmed (edaspidi Teenuse kasutaja\u00a0v\u00f5i\u00a0Pool), s\u00f5lmisid k\u00e4esoleva E-poe Kasutuslepingu (edaspidi\u00a0Leping). 1.\u00a0\u00a0\u00a0\u00a0\u00a0\u00a0E-POOD 1.1. \u00a0 MyTervis e-pood (edaspidi E-pood) on Teenuse osutaja poolt loodud internetipood, mille vahendusel toimub toodete m\u00fc\u00fck Teenuse kasutajale. 1.2. \u00a0 E-pood&hellip;","og_url":"https:\/\/mytervis.ee\/ru\/terms-and-conditions\/","og_site_name":"MyTervis","article_publisher":"https:\/\/www.facebook.com\/mytervis\/","article_modified_time":"2019-10-16T13:06:40+00:00","twitter_card":"summary_large_image","twitter_misc":{"\u041f\u0440\u0438\u043c\u0435\u0440\u043d\u043e\u0435 \u0432\u0440\u0435\u043c\u044f \u0434\u043b\u044f \u0447\u0442\u0435\u043d\u0438\u044f":"8 \u043c\u0438\u043d\u0443\u0442"},"schema":{"@context":"https:\/\/schema.org","@graph":[{"@type":"WebPage","@id":"https:\/\/mytervis.ee\/terms-and-conditions\/","url":"https:\/\/mytervis.ee\/terms-and-conditions\/","name":"M\u00fc\u00fcgitingimused","isPartOf":{"@id":"https:\/\/mytervis.ee\/#website"},"datePublished":"2017-07-07T07:54:27+00:00","dateModified":"2019-10-16T13:06:40+00:00","breadcrumb":{"@id":"https:\/\/mytervis.ee\/terms-and-conditions\/#breadcrumb"},"inLanguage":"ru-RU","potentialAction":[{"@type":"ReadAction","target":["https:\/\/mytervis.ee\/terms-and-conditions\/"]}]},{"@type":"BreadcrumbList","@id":"https:\/\/mytervis.ee\/terms-and-conditions\/#breadcrumb","itemListElement":[{"@type":"ListItem","position":1,"name":"\u0413\u043b\u0430\u0432\u043d\u0430\u044f \u0441\u0442\u0440\u0430\u043d\u0438\u0446\u0430","item":"https:\/\/mytervis.ee\/"},{"@type":"ListItem","position":2,"name":"M\u00fc\u00fcgitingimused"}]},{"@type":"WebSite","@id":"https:\/\/mytervis.ee\/#website","url":"https:\/\/mytervis.ee\/","name":"MyTervis","description":"f\u00fcsioteraapia stuudio","potentialAction":[{"@type":"SearchAction","target":{"@type":"EntryPoint","urlTemplate":"https:\/\/mytervis.ee\/?s={search_term_string}"},"query-input":{"@type":"PropertyValueSpecification","valueRequired":true,"valueName":"search_term_string"}}],"inLanguage":"ru-RU"}]}},"_links":{"self":[{"href":"https:\/\/mytervis.ee\/ru\/wp-json\/wp\/v2\/pages\/401","targetHints":{"allow":["GET"]}}],"collection":[{"href":"https:\/\/mytervis.ee\/ru\/wp-json\/wp\/v2\/pages"}],"about":[{"href":"https:\/\/mytervis.ee\/ru\/wp-json\/wp\/v2\/types\/page"}],"author":[{"embeddable":true,"href":"https:\/\/mytervis.ee\/ru\/wp-json\/wp\/v2\/users\/1"}],"replies":[{"embeddable":true,"href":"https:\/\/mytervis.ee\/ru\/wp-json\/wp\/v2\/comments?post=401"}],"version-history":[{"count":5,"href":"https:\/\/mytervis.ee\/ru\/wp-json\/wp\/v2\/pages\/401\/revisions"}],"predecessor-version":[{"id":1336,"href":"https:\/\/mytervis.ee\/ru\/wp-json\/wp\/v2\/pages\/401\/revisions\/1336"}],"wp:attachment":[{"href":"https:\/\/mytervis.ee\/ru\/wp-json\/wp\/v2\/media?parent=401"}],"curies":[{"name":"wp","href":"https:\/\/api.w.org\/{rel}","templated":true}]}}