{"id":3,"date":"2019-01-25T18:26:42","date_gmt":"2019-01-25T18:26:42","guid":{"rendered":"https:\/\/mytervis.ee\/?page_id=3"},"modified":"2019-10-16T12:52:47","modified_gmt":"2019-10-16T09:52:47","slug":"privacy-policy","status":"publish","type":"page","link":"https:\/\/mytervis.ee\/ru\/privacy-policy\/","title":{"rendered":"Privaatsuspoliitika"},"content":{"rendered":"<p>[vc_row][vc_column][la_heading title=&#187;K\u00fcpsiste haldus&#187;][\/la_heading][vc_column_text]See veebisait kasutab k\u00fcpsiseid, et parandada teie k\u00fclastuskogemust. K\u00fcpsiseid kasutatakse veebisaidi kasutamise anal\u00fc\u00fcsimiseks, navigatsiooni haldamiseks ning muude funktsioonide jaoks. Me ei jaga infot kolmandate osapooltega. Te v\u00f5ite k\u00fcpsiste lubamisest keelduda, kuid sellisel juhul ei saa te seda veebisaiti kasutada. Antud veebisaiti kasutades n\u00f5ustute sellega, et v\u00f5ime teie seadmesse k\u00fcpsiseid salvestada ja nendele ligip\u00e4\u00e4su omada eesm\u00e4rgiga pakkuda teile paremat teenust.[\/vc_column_text][\/vc_column][\/vc_row][vc_row][vc_column][la_heading title=&#187;Privaatsuspoliitika&#187;][\/la_heading][vc_column_text]K\u00f5ik Vital Element Therapy O\u00dc www.mytervis.ee lehek\u00fcljelt tellimise ning ostude sooritamise k\u00e4igus teatavaks saanud personaalsed andmed k\u00e4sitletakse kui konfidentsiaalset infot.<\/p>\n<p>Internetipood\u00a0edastab isikuandmeid veoteenust pakkuvale ettev\u00f5tetele ainult selleks, et kohale toimetada kaupa.<\/p>\n<p>Ostja annab internetipoes andmeid sisestades kinnituse linnukesega, et on tutvunud \u00fcldtingimustega ja andnud \u00f5iguse Vital Element Therapy O\u00dc-l koguda ja t\u00f6\u00f6delda Tarbija (Ostja) isikuandmeid (nimi, telefoni number, e-maili aadress) ning edastada logistikapartnerile isikuandmeid kauba kohaletoimetamiseks.<\/p>\n<p>Internetipoel www.mytervis.ee \u00f5igus kasutada e-maili aadressi reklaami, tarne info, arvete ja muu informatsiooni edastamiseks.<br \/>\nTarbijal (ostjal\/registreerunud v\u00f5i registreerimata) on igal ajal \u00f5igus keelata oma isikuandmete kogumine ning kasutamine (nt. reklaami eesm\u00e4rgil), v\u00e4lja arvatud juhul, kui see on vajalik lepingust tuleneva n\u00f5ude sissen\u00f5udmiseks v\u00f5i kauba kohaletoimetamiseks (arve, transpordi info). Ettev\u00f5te kasutab kliendi personaalseid andmeid tellitud toodete saatmiseks kliendile v\u00f5i tellimustega seotud k\u00fcsimuste korral. Ettev\u00f5te kohustub mitte avaldama kliendi isikuandmeid kolmandatele osapooltele va. transpordi ettev\u00f5ttele kauba kohale toimetamiseks.<\/p>\n<p>Delikaatsetele andmetele puudub Veebipoel (www.mytervis.ee) ligip\u00e4\u00e4s.<\/p>\n<p>Ostjal on igal ajal v\u00f5imalik loobuda e-postile saadetavatest pakkumistest ja uudiskirjadest andes sellest meile teada e-kirja teel info@mytervis.ee.<\/p>\n<p>Kliendil on \u00f5igus n\u00f5uda oma andmete kustutamist ettev\u00f5tte andmebaasist.[\/vc_column_text][vc_column_text]Lugupidamisega<\/p>\n<p>O\u00dc Vital Element Therapy<br \/>\nREG. NR. 12521738<\/p>\n<p>P\u00e4rna tn 44-20 J\u00e4rve linnaosa,<br \/>\nKohtla-J\u00e4rve linn Ida-Viru maakond 30326,<br \/>\nEesti[\/vc_column_text][vc_column_text]<\/p>\n<h6><strong>K\u00f5ik Vital Element Therapy O\u00dc e-poes esitatud toodete kirjelduste, fotode ja muude andmete kopeerimine v\u00f5i muul moel kasutamine ilma Vital Element Therapy O\u00dc n\u00f5usolekuta on keelatud.<\/strong><\/h6>\n<p>[\/vc_column_text][\/vc_column][\/vc_row]<\/p>\n","protected":false},"excerpt":{"rendered":"<p>[vc_row][vc_column][la_heading title=&#187;K\u00fcpsiste haldus&#187;][\/la_heading][vc_column_text]See veebisait kasutab k\u00fcpsiseid, et parandada teie k\u00fclastuskogemust. K\u00fcpsiseid kasutatakse veebisaidi kasutamise anal\u00fc\u00fcsimiseks, navigatsiooni haldamiseks ning muude funktsioonide jaoks. Me ei jaga infot kolmandate osapooltega. Te v\u00f5ite k\u00fcpsiste lubamisest keelduda, kuid sellisel juhul ei saa te seda veebisaiti kasutada. Antud veebisaiti kasutades n\u00f5ustute sellega, et v\u00f5ime teie seadmesse k\u00fcpsiseid salvestada ja nendele ligip\u00e4\u00e4su omada eesm\u00e4rgiga pakkuda teile paremat&hellip;<\/p>\n","protected":false},"author":1,"featured_media":0,"parent":0,"menu_order":0,"comment_status":"closed","ping_status":"open","template":"","meta":{"_exactmetrics_skip_tracking":false,"_exactmetrics_sitenote_active":false,"_exactmetrics_sitenote_note":"","_exactmetrics_sitenote_category":0,"footnotes":""},"class_list":["post-3","page","type-page","status-publish","hentry"],"yoast_head":"<!-- This site is optimized with the Yoast SEO plugin v27.1.1 - https:\/\/yoast.com\/product\/yoast-seo-wordpress\/ -->\n<title>Privaatsuspoliitika<\/title>\n<meta name=\"robots\" content=\"index, follow, max-snippet:-1, max-image-preview:large, max-video-preview:-1\" \/>\n<link rel=\"canonical\" href=\"https:\/\/mytervis.ee\/ru\/privacy-policy\/\" \/>\n<meta property=\"og:locale\" content=\"ru_RU\" \/>\n<meta property=\"og:locale:alternate\" content=\"et\" \/>\n<meta property=\"og:type\" content=\"article\" \/>\n<meta property=\"og:title\" content=\"Privaatsuspoliitika\" \/>\n<meta property=\"og:description\" content=\"[vc_row][vc_column][la_heading title=&#187;K\u00fcpsiste haldus&#187;][\/la_heading][vc_column_text]See veebisait kasutab k\u00fcpsiseid, et parandada teie k\u00fclastuskogemust. K\u00fcpsiseid kasutatakse veebisaidi kasutamise anal\u00fc\u00fcsimiseks, navigatsiooni haldamiseks ning muude funktsioonide jaoks. Me ei jaga infot kolmandate osapooltega. Te v\u00f5ite k\u00fcpsiste lubamisest keelduda, kuid sellisel juhul ei saa te seda veebisaiti kasutada. Antud veebisaiti kasutades n\u00f5ustute sellega, et v\u00f5ime teie seadmesse k\u00fcpsiseid salvestada ja nendele ligip\u00e4\u00e4su omada eesm\u00e4rgiga pakkuda teile paremat&hellip;\" \/>\n<meta property=\"og:url\" content=\"https:\/\/mytervis.ee\/ru\/privacy-policy\/\" \/>\n<meta property=\"og:site_name\" content=\"MyTervis\" \/>\n<meta property=\"article:publisher\" content=\"https:\/\/www.facebook.com\/mytervis\/\" \/>\n<meta property=\"article:modified_time\" content=\"2019-10-16T09:52:47+00:00\" \/>\n<meta name=\"twitter:card\" content=\"summary_large_image\" \/>\n<meta name=\"twitter:label1\" content=\"\u041f\u0440\u0438\u043c\u0435\u0440\u043d\u043e\u0435 \u0432\u0440\u0435\u043c\u044f \u0434\u043b\u044f \u0447\u0442\u0435\u043d\u0438\u044f\" \/>\n\t<meta name=\"twitter:data1\" content=\"2 \u043c\u0438\u043d\u0443\u0442\u044b\" \/>\n<script type=\"application\/ld+json\" class=\"yoast-schema-graph\">{\"@context\":\"https:\/\/schema.org\",\"@graph\":[{\"@type\":\"WebPage\",\"@id\":\"https:\/\/mytervis.ee\/privacy-policy\/\",\"url\":\"https:\/\/mytervis.ee\/privacy-policy\/\",\"name\":\"Privaatsuspoliitika\",\"isPartOf\":{\"@id\":\"https:\/\/mytervis.ee\/#website\"},\"datePublished\":\"2019-01-25T18:26:42+00:00\",\"dateModified\":\"2019-10-16T09:52:47+00:00\",\"breadcrumb\":{\"@id\":\"https:\/\/mytervis.ee\/privacy-policy\/#breadcrumb\"},\"inLanguage\":\"ru-RU\",\"potentialAction\":[{\"@type\":\"ReadAction\",\"target\":[\"https:\/\/mytervis.ee\/privacy-policy\/\"]}]},{\"@type\":\"BreadcrumbList\",\"@id\":\"https:\/\/mytervis.ee\/privacy-policy\/#breadcrumb\",\"itemListElement\":[{\"@type\":\"ListItem\",\"position\":1,\"name\":\"\u0413\u043b\u0430\u0432\u043d\u0430\u044f \u0441\u0442\u0440\u0430\u043d\u0438\u0446\u0430\",\"item\":\"https:\/\/mytervis.ee\/\"},{\"@type\":\"ListItem\",\"position\":2,\"name\":\"Privaatsuspoliitika\"}]},{\"@type\":\"WebSite\",\"@id\":\"https:\/\/mytervis.ee\/#website\",\"url\":\"https:\/\/mytervis.ee\/\",\"name\":\"MyTervis\",\"description\":\"f\u00fcsioteraapia stuudio\",\"potentialAction\":[{\"@type\":\"SearchAction\",\"target\":{\"@type\":\"EntryPoint\",\"urlTemplate\":\"https:\/\/mytervis.ee\/?s={search_term_string}\"},\"query-input\":{\"@type\":\"PropertyValueSpecification\",\"valueRequired\":true,\"valueName\":\"search_term_string\"}}],\"inLanguage\":\"ru-RU\"}]}<\/script>\n<!-- \/ Yoast SEO plugin. -->","yoast_head_json":{"title":"Privaatsuspoliitika","robots":{"index":"index","follow":"follow","max-snippet":"max-snippet:-1","max-image-preview":"max-image-preview:large","max-video-preview":"max-video-preview:-1"},"canonical":"https:\/\/mytervis.ee\/ru\/privacy-policy\/","og_locale":"ru_RU","og_type":"article","og_title":"[:et]Privaatsuspoliitika[:] - MyTervis","og_description":"[vc_row][vc_column][la_heading title=&#187;K\u00fcpsiste haldus&#187;][\/la_heading][vc_column_text]See veebisait kasutab k\u00fcpsiseid, et parandada teie k\u00fclastuskogemust. K\u00fcpsiseid kasutatakse veebisaidi kasutamise anal\u00fc\u00fcsimiseks, navigatsiooni haldamiseks ning muude funktsioonide jaoks. Me ei jaga infot kolmandate osapooltega. Te v\u00f5ite k\u00fcpsiste lubamisest keelduda, kuid sellisel juhul ei saa te seda veebisaiti kasutada. Antud veebisaiti kasutades n\u00f5ustute sellega, et v\u00f5ime teie seadmesse k\u00fcpsiseid salvestada ja nendele ligip\u00e4\u00e4su omada eesm\u00e4rgiga pakkuda teile paremat&hellip;","og_url":"https:\/\/mytervis.ee\/ru\/privacy-policy\/","og_site_name":"MyTervis","article_publisher":"https:\/\/www.facebook.com\/mytervis\/","article_modified_time":"2019-10-16T09:52:47+00:00","twitter_card":"summary_large_image","twitter_misc":{"\u041f\u0440\u0438\u043c\u0435\u0440\u043d\u043e\u0435 \u0432\u0440\u0435\u043c\u044f \u0434\u043b\u044f \u0447\u0442\u0435\u043d\u0438\u044f":"2 \u043c\u0438\u043d\u0443\u0442\u044b"},"schema":{"@context":"https:\/\/schema.org","@graph":[{"@type":"WebPage","@id":"https:\/\/mytervis.ee\/privacy-policy\/","url":"https:\/\/mytervis.ee\/privacy-policy\/","name":"Privaatsuspoliitika","isPartOf":{"@id":"https:\/\/mytervis.ee\/#website"},"datePublished":"2019-01-25T18:26:42+00:00","dateModified":"2019-10-16T09:52:47+00:00","breadcrumb":{"@id":"https:\/\/mytervis.ee\/privacy-policy\/#breadcrumb"},"inLanguage":"ru-RU","potentialAction":[{"@type":"ReadAction","target":["https:\/\/mytervis.ee\/privacy-policy\/"]}]},{"@type":"BreadcrumbList","@id":"https:\/\/mytervis.ee\/privacy-policy\/#breadcrumb","itemListElement":[{"@type":"ListItem","position":1,"name":"\u0413\u043b\u0430\u0432\u043d\u0430\u044f \u0441\u0442\u0440\u0430\u043d\u0438\u0446\u0430","item":"https:\/\/mytervis.ee\/"},{"@type":"ListItem","position":2,"name":"Privaatsuspoliitika"}]},{"@type":"WebSite","@id":"https:\/\/mytervis.ee\/#website","url":"https:\/\/mytervis.ee\/","name":"MyTervis","description":"f\u00fcsioteraapia stuudio","potentialAction":[{"@type":"SearchAction","target":{"@type":"EntryPoint","urlTemplate":"https:\/\/mytervis.ee\/?s={search_term_string}"},"query-input":{"@type":"PropertyValueSpecification","valueRequired":true,"valueName":"search_term_string"}}],"inLanguage":"ru-RU"}]}},"_links":{"self":[{"href":"https:\/\/mytervis.ee\/ru\/wp-json\/wp\/v2\/pages\/3","targetHints":{"allow":["GET"]}}],"collection":[{"href":"https:\/\/mytervis.ee\/ru\/wp-json\/wp\/v2\/pages"}],"about":[{"href":"https:\/\/mytervis.ee\/ru\/wp-json\/wp\/v2\/types\/page"}],"author":[{"embeddable":true,"href":"https:\/\/mytervis.ee\/ru\/wp-json\/wp\/v2\/users\/1"}],"replies":[{"embeddable":true,"href":"https:\/\/mytervis.ee\/ru\/wp-json\/wp\/v2\/comments?post=3"}],"version-history":[{"count":11,"href":"https:\/\/mytervis.ee\/ru\/wp-json\/wp\/v2\/pages\/3\/revisions"}],"predecessor-version":[{"id":1328,"href":"https:\/\/mytervis.ee\/ru\/wp-json\/wp\/v2\/pages\/3\/revisions\/1328"}],"wp:attachment":[{"href":"https:\/\/mytervis.ee\/ru\/wp-json\/wp\/v2\/media?parent=3"}],"curies":[{"name":"wp","href":"https:\/\/api.w.org\/{rel}","templated":true}]}}