{"id":1218,"date":"2019-09-29T15:21:15","date_gmt":"2019-09-29T12:21:15","guid":{"rendered":"https:\/\/mytervis.ee\/ru\/?page_id=1218"},"modified":"2025-02-17T23:46:44","modified_gmt":"2025-02-17T21:46:44","slug":"kupu-massaaz","status":"publish","type":"page","link":"https:\/\/mytervis.ee\/ru\/kupu-massaaz\/","title":{"rendered":"\u041a\u043b\u0430\u0441\u0441\u0438\u0447\u0435\u0441\u043a\u0430\u044f \u041a\u0438\u0442\u0430\u0439\u0441\u043a\u0430\u044f \u043c\u0435\u0434\u0438\u0446\u0438\u043d\u0430"},"content":{"rendered":"<p>[vc_row][vc_column][vc_column_text]<\/p>\n<p><strong>\u0421\u043f\u0438\u0441\u043e\u043a \u0412\u0441\u0435\u043c\u0438\u0440\u043d\u043e\u0439 \u043e\u0440\u0433\u0430\u043d\u0438\u0437\u0430\u0446\u0438\u0438 \u0437\u0434\u0440\u0430\u0432\u043e\u043e\u0445\u0440\u0430\u043d\u0435\u043d\u0438\u044f (\u0412\u041e\u0417)<\/strong><\/p>\n<p><strong>\u0437\u0430\u0431\u043e\u043b\u0435\u0432\u0430\u043d\u0438\u044f \u0438 \u0441\u043e\u0441\u0442\u043e\u044f\u043d\u0438\u044f, \u043a\u043e\u0442\u043e\u0440\u044b\u0435 \u043c\u043e\u0436\u043d\u043e \u0432\u044b\u043b\u0435\u0447\u0438\u0442\u044c \u0438\u043b\u0438 \u0443\u043b\u0443\u0447\u0448\u0438\u0442\u044c \u0441 \u043f\u043e\u043c\u043e\u0449\u044c\u044e\u00a0\u0430\u043a\u0443\u043f\u0443\u043d\u043a\u0442\u0443\u0440\u044b<\/strong><\/p>\n<ul>\n<li>\u0430\u0440\u0442\u0440\u043e\u0437 \u0441\u0443\u0441\u0442\u0430\u0432\u043e\u0432<\/li>\n<li>\u00a0\u0444\u0438\u0431\u0440\u043e\u043c\u0438\u0430\u043b\u0433\u0438\u044f<\/li>\n<li>\u0411\u043e\u043b\u0438 \u0432 \u0441\u043f\u0438\u043d\u0435 ( \u0440\u0430\u0434\u0438\u043a\u0443\u043b\u0438\u0442 , \u0433\u0440\u044b\u0436\u0430 \u0434\u0438\u0441\u043a\u0430)<\/li>\n<li>\u0441\u043f\u043e\u0440\u0442\u0438\u0432\u043d\u044b\u0435 \u0442\u0440\u0430\u0432\u043c\u044b<\/li>\n<li>\u0431\u043e\u043b\u0438 \u0432 \u043c\u044b\u0448\u0446\u0430\u0445<\/li>\n<li>\u043e\u0441\u0442\u0440\u044b\u0435 \u0438 \u0445\u0440\u043e\u043d\u0438\u0447\u0435\u0441\u043a\u0438\u0435 \u0431\u043e\u043b\u0438<\/li>\n<li>\u0433\u043e\u043b\u043e\u0432\u043d\u0430\u044f \u0431\u043e\u043b\u044c, \u043c\u0438\u0433\u0440\u0435\u043d\u044c, \u0433\u043e\u043b\u043e\u0432\u043e\u043a\u0440\u0443\u0436\u0435\u043d\u0438\u0435, \u0448\u0443\u043c \u0432 \u0443\u0448\u0430\u0445<\/li>\n<li>\u00a0<strong>\u043f\u0440\u043e\u0431\u043b\u0435\u043c\u044b<\/strong>\u00a0\u0441\u00a0<strong>\u043a\u043e\u0436\u0435\u0439<\/strong><\/li>\n<li>\u041b\u043e\u0440 \u0437\u0430\u0431\u043e\u043b\u0435\u0432\u0430\u043d\u0438\u044f ( \u043a\u043e\u0432\u0438\u0434)<\/li>\n<li>\u043d\u0430\u0440\u0443\u0448\u0435\u043d\u0438\u0435 \u043a\u0440\u043e\u0432\u043e\u043e\u0431\u0440\u0430\u0449\u0435\u043d\u0438\u044f<\/li>\n<li>\u00a0\u0440\u0430\u0441\u0441\u0442\u0440\u043e\u0439\u0441\u0442\u0432\u0430 \u043f\u0438\u0449\u0435\u0432\u0430\u0440\u0435\u043d\u0438\u044f (\u0442\u043e\u0448\u043d\u043e\u0442\u0430, \u0434\u0438\u0441\u043a\u043e\u043c\u0444\u043e\u0440\u0442 \u0432 \u0436\u0438\u0432\u043e\u0442\u0435, \u0440\u0430\u0441\u0441\u0442\u0440\u043e\u0439\u0441\u0442\u0432\u0430 \u043f\u0438\u0449\u0435\u0432\u043e\u0433\u043e \u043f\u043e\u0432\u0435\u0434\u0435\u043d\u0438\u044f)<\/li>\n<li>(\u0445\u0440\u043e\u043d\u0438\u0447\u0435\u0441\u043a\u0438\u0435) \u0438\u043d\u0444\u0435\u043a\u0446\u0438\u0438 \u043c\u043e\u0447\u0435\u0432\u044b\u0432\u043e\u0434\u044f\u0449\u0438\u0445 \u043f\u0443\u0442\u0435\u0439 ( \u0446\u0438\u0441\u0442\u0438\u0442)<\/li>\n<li>\u0436\u0430\u043b\u043e\u0431\u044b \u043d\u0435\u0432\u0440\u043e\u043b\u043e\u0433\u0438\u0447\u0435\u0441\u043a\u043e\u0439 \u043d\u0430\u043f\u0440\u0430\u0432\u043b\u0435\u043d\u043d\u043e\u0441\u0442\u0438 (\u041f\u0430\u0440\u043a\u0438\u043d\u0441\u043e\u043d, \u0440\u0430\u0441\u0441\u0435\u044f\u043d\u043d\u044b\u0439 \u0441\u043a\u043b\u0435\u0440\u043e\u0437, \u0441\u0435\u0440\u0434\u0435\u0447\u043d\u043e-\u0441\u043e\u0441\u0443\u0434\u0438\u0441\u0442\u044b\u0435 \u0437\u0430\u0431\u043e\u043b\u0435\u0432\u0430\u043d\u0438\u044f, \u0441\u0443\u0434\u043e\u0440\u043e\u0433\u0438)<\/li>\n<li>\u043c\u0435\u043d\u0441\u0442\u0440\u0443\u0430\u043b\u044c\u043d\u044b\u0435 \u043f\u0440\u043e\u0431\u043b\u0435\u043c\u044b, \u043d\u0435\u043a\u043e\u0442\u043e\u0440\u044b\u0435 \u0444\u043e\u0440\u043c\u044b \u0431\u0435\u0441\u043f\u043b\u043e\u0434\u0438\u044f, \u043a\u043b\u0438\u043c\u0430\u043a\u0442\u0435\u0440\u0438\u0447\u0435\u0441\u043a\u0438\u0435 \u0441\u0438\u043c\u043f\u0442\u043e\u043c\u044b<\/li>\n<li>\u043f\u043e\u0434\u0434\u0435\u0440\u0436\u043a\u0430 \u0436\u0430\u043b\u043e\u0431 \u0438 \u043f\u043e\u0431\u043e\u0447\u043d\u044b\u0445 \u044d\u0444\u0444\u0435\u043a\u0442\u043e\u0432 \u0432 \u043f\u0440\u043e\u0446\u0435\u0441\u0441\u0435 \u043b\u0435\u0447\u0435\u043d\u0438\u044f \u0440\u0430\u043a\u0430<\/li>\n<li>\u043f\u0441\u0438\u0445\u043e\u043b\u043e\u0433\u0438\u0447\u0435\u0441\u043a\u0438\u0435\u00a0 \u0442\u0440\u0430\u0432\u043c\u044b (\u0448\u043e\u043a\u0438\u0440\u0443\u044e\u0449\u0435\u0433\u043e \u0441\u043e\u0431\u044b\u0442\u0438\u044f, \u043f\u0435\u0447\u0430\u043b\u0438, \u0433\u043d\u0435\u0432, \u043f\u0435\u0447\u0430\u043b\u044c, \u0440\u0430\u0437\u0434\u0440\u0430\u0436\u0435\u043d\u0438\u0435<\/li>\n<li>\u0443\u0442\u043e\u043c\u043b\u044f\u0435\u043c\u043e\u0441\u0442\u044c, \u044d\u043c\u043e\u0446\u0438\u043e\u043d\u0430\u043b\u044c\u043d\u043e\u0435 \u0432\u044b\u0433\u043e\u0440\u0430\u043d\u0438\u0435<\/li>\n<li>\u0436\u0430\u043b\u043e\u0431\u044b, \u043a\u043e\u0442\u043e\u0440\u044b\u0435 \u043d\u0435 \u043f\u043e\u043d\u044f\u0442\u043d\u044b \u0434\u043b\u044f \u0442\u0440\u0430\u0434\u0438\u0446\u0438\u043e\u043d\u043d\u043e\u0439 \u043c\u0435\u0434\u0438\u0446\u0438\u043d\u0435<\/li>\n<\/ul>\n<p><strong>\u041c\u044b \u0441\u043f\u0435\u0446\u0438\u0430\u043b\u0438\u0437\u0438\u0440\u0443\u0435\u043c\u0441\u044f \u043d\u0430<\/strong><\/p>\n<ul>\n<li>\u0416\u0430\u043b\u043e\u0431\u044b \u043d\u0430 \u0441\u043f\u0438\u043d\u0443 ( \u0440\u0430\u0434\u0438\u043a\u0443\u043b\u0438\u0442, \u0433\u0440\u044b\u0436\u0430 \u0434\u0438\u0441\u043a\u0430, )<\/li>\n<li>\u0422\u0440\u0430\u0432\u043c\u044b ( \u0441\u043f\u043e\u0440\u0442\u0438\u0432\u043d\u044b\u0435 \u0442\u0440\u0430\u0432\u043c\u044b , \u043f\u0430\u0434\u0435\u043d\u0438\u044f , \u0445\u043b\u044b\u0441\u0442\u043e\u0432\u0430\u044f \u0442\u0440\u0430\u0432\u043c\u0430 ( \u0434\u0442\u043f) , \u0412\u043e\u0441\u0441\u0442\u0430\u043d\u043e\u0432\u043b\u0435\u043d\u0438\u0435 \u043f\u043e\u0441\u043b\u0435 \u043e\u0440\u0442\u043e\u043f\u0435\u0434\u0438\u0447\u0435\u0441\u043a\u0438\u0445 \u043e\u043f\u0435\u0440\u0430\u0446\u0438\u0439<\/li>\n<li>\u0421\u043a\u043e\u043b\u0438\u043e\u0437<\/li>\n<li>\u041f\u0440\u043e\u0431\u043b\u0435\u043c\u044b \u0441 \u0441\u0443\u0441\u0442\u0430\u0432\u0430\u043c\u0438 :\u00a0\u0441\u043a\u043e\u0432\u0430\u043d\u043d\u043e\u0441\u0442\u044c, \u0436\u0430\u043b\u043e\u0431\u044b \u043d\u0430 \u0431\u043e\u043b\u044c, \u043e\u0433\u0440\u0430\u043d\u0438\u0447\u0435\u043d\u0438\u0435 \u0434\u0432\u0438\u0436\u0435\u043d\u0438\u044f, \u043e\u0441\u0442\u0435\u043e\u0430\u0440\u0442\u0440\u0438\u0442, \u0440\u0435\u0432\u043c\u0430\u0442\u0438\u0447\u0435\u0441\u043a\u0438\u0435 \u0437\u0430\u0431\u043e\u043b\u0435\u0432\u0430\u043d\u0438\u044f, \u0432\u043e\u0441\u043f\u0430\u043b\u0435\u043d\u0438\u0435 \u0441\u0443\u0441\u0442\u0430\u0432\u043e\u0432, \u0431\u0443\u0440\u0441\u0438\u0442, \u043f\u043e\u0442\u0435\u0440\u044e \u0441\u0438\u043b\u044b, \u0441\u0443\u0434\u043e\u0440\u043e\u0433\u0438, \u0442\u0435\u043d\u043d\u0438\u0441\u043d\u044b\u0439 \u043b\u043e\u043a\u043e\u0442\u044c, \u041e\u0441\u0433\u043e\u0434-\u0428\u043b\u0430\u0442\u0442\u0435\u0440 , \u041a\u0438\u0441\u0442\u0430 \u0411\u0435\u043a\u043a\u0435\u0440\u0430<\/li>\n<li>\u0416\u0435\u043d\u0441\u043a\u043e\u0435 \u0437\u0434\u043e\u0440\u043e\u0432\u044c\u0435<\/li>\n<\/ul>\n","protected":false},"excerpt":{"rendered":"<p>[vc_row][vc_column][vc_column_text] \u0421\u043f\u0438\u0441\u043e\u043a \u0412\u0441\u0435\u043c\u0438\u0440\u043d\u043e\u0439 \u043e\u0440\u0433\u0430\u043d\u0438\u0437\u0430\u0446\u0438\u0438 \u0437\u0434\u0440\u0430\u0432\u043e\u043e\u0445\u0440\u0430\u043d\u0435\u043d\u0438\u044f (\u0412\u041e\u0417) \u0437\u0430\u0431\u043e\u043b\u0435\u0432\u0430\u043d\u0438\u044f \u0438 \u0441\u043e\u0441\u0442\u043e\u044f\u043d\u0438\u044f, \u043a\u043e\u0442\u043e\u0440\u044b\u0435 \u043c\u043e\u0436\u043d\u043e \u0432\u044b\u043b\u0435\u0447\u0438\u0442\u044c \u0438\u043b\u0438 \u0443\u043b\u0443\u0447\u0448\u0438\u0442\u044c \u0441 \u043f\u043e\u043c\u043e\u0449\u044c\u044e\u00a0\u0430\u043a\u0443\u043f\u0443\u043d\u043a\u0442\u0443\u0440\u044b \u0430\u0440\u0442\u0440\u043e\u0437 \u0441\u0443\u0441\u0442\u0430\u0432\u043e\u0432 \u00a0\u0444\u0438\u0431\u0440\u043e\u043c\u0438\u0430\u043b\u0433\u0438\u044f \u0411\u043e\u043b\u0438 \u0432 \u0441\u043f\u0438\u043d\u0435 ( \u0440\u0430\u0434\u0438\u043a\u0443\u043b\u0438\u0442 , \u0433\u0440\u044b\u0436\u0430 \u0434\u0438\u0441\u043a\u0430) \u0441\u043f\u043e\u0440\u0442\u0438\u0432\u043d\u044b\u0435 \u0442\u0440\u0430\u0432\u043c\u044b \u0431\u043e\u043b\u0438 \u0432 \u043c\u044b\u0448\u0446\u0430\u0445 \u043e\u0441\u0442\u0440\u044b\u0435 \u0438 \u0445\u0440\u043e\u043d\u0438\u0447\u0435\u0441\u043a\u0438\u0435 \u0431\u043e\u043b\u0438 \u0433\u043e\u043b\u043e\u0432\u043d\u0430\u044f \u0431\u043e\u043b\u044c, \u043c\u0438\u0433\u0440\u0435\u043d\u044c, \u0433\u043e\u043b\u043e\u0432\u043e\u043a\u0440\u0443\u0436\u0435\u043d\u0438\u0435, \u0448\u0443\u043c \u0432 \u0443\u0448\u0430\u0445 \u00a0\u043f\u0440\u043e\u0431\u043b\u0435\u043c\u044b\u00a0\u0441\u00a0\u043a\u043e\u0436\u0435\u0439 \u041b\u043e\u0440 \u0437\u0430\u0431\u043e\u043b\u0435\u0432\u0430\u043d\u0438\u044f ( \u043a\u043e\u0432\u0438\u0434) \u043d\u0430\u0440\u0443\u0448\u0435\u043d\u0438\u0435 \u043a\u0440\u043e\u0432\u043e\u043e\u0431\u0440\u0430\u0449\u0435\u043d\u0438\u044f \u00a0\u0440\u0430\u0441\u0441\u0442\u0440\u043e\u0439\u0441\u0442\u0432\u0430 \u043f\u0438\u0449\u0435\u0432\u0430\u0440\u0435\u043d\u0438\u044f (\u0442\u043e\u0448\u043d\u043e\u0442\u0430, \u0434\u0438\u0441\u043a\u043e\u043c\u0444\u043e\u0440\u0442 \u0432 \u0436\u0438\u0432\u043e\u0442\u0435, \u0440\u0430\u0441\u0441\u0442\u0440\u043e\u0439\u0441\u0442\u0432\u0430 \u043f\u0438\u0449\u0435\u0432\u043e\u0433\u043e \u043f\u043e\u0432\u0435\u0434\u0435\u043d\u0438\u044f) (\u0445\u0440\u043e\u043d\u0438\u0447\u0435\u0441\u043a\u0438\u0435)&hellip;<\/p>\n","protected":false},"author":1,"featured_media":0,"parent":0,"menu_order":0,"comment_status":"closed","ping_status":"closed","template":"","meta":{"_exactmetrics_skip_tracking":false,"_exactmetrics_sitenote_active":false,"_exactmetrics_sitenote_note":"","_exactmetrics_sitenote_category":0,"footnotes":""},"class_list":["post-1218","page","type-page","status-publish","hentry"],"yoast_head":"<!-- This site is optimized with the Yoast SEO plugin v27.1.1 - https:\/\/yoast.com\/product\/yoast-seo-wordpress\/ -->\n<title>\u041a\u043b\u0430\u0441\u0441\u0438\u0447\u0435\u0441\u043a\u0430\u044f \u041a\u0438\u0442\u0430\u0439\u0441\u043a\u0430\u044f \u043c\u0435\u0434\u0438\u0446\u0438\u043d\u0430<\/title>\n<meta name=\"description\" content=\"\u0411\u0430\u043d\u043e\u0447\u043d\u044b\u0439 \u043c\u0430\u0441\u0441\u0430\u0436 \u043f\u0440\u0435\u043a\u0440\u0430\u0441\u043d\u043e\u0435 \u0441\u0440\u0435\u0434\u0441\u0442\u0432\u043e \u0432 \u0431\u043e\u0440\u044c\u0431\u0435 \u0441 \u043e\u0441\u0442\u0435\u043e\u0445\u043e\u043d\u0434\u0440\u043e\u0437\u043e\u043c \u0438 \u043e\u0442\u043b\u043e\u0436\u0435\u043d\u0438\u0435\u043c \u0441\u043e\u043b\u0435\u0439. \u041f\u0440\u0438 \u043c\u0430\u0441\u0441\u0430\u0436\u0435 \u043b\u0435\u0447\u0435\u0431\u043d\u044b\u043c\u0438 \u0431\u0430\u043d\u043a\u0430\u043c\u0438 \u043e\u0441\u0443\u0449\u0435\u0441\u0442\u0432\u043b\u044f\u0435\u0442\u0441\u044f \u0433\u043b\u0443\u0431\u043e\u043a\u0430\u044f \u043f\u0440\u043e\u0440\u0430\u0431\u043e\u0442\u043a\u0430 \u0442\u043a\u0430\u043d\u0435\u0439 \u0442\u0435\u043b\u0430.\" \/>\n<meta name=\"robots\" content=\"index, follow, max-snippet:-1, max-image-preview:large, max-video-preview:-1\" \/>\n<link rel=\"canonical\" href=\"https:\/\/mytervis.ee\/ru\/kupu-massaaz\/\" \/>\n<meta property=\"og:locale\" content=\"ru_RU\" \/>\n<meta property=\"og:locale:alternate\" content=\"et\" \/>\n<meta property=\"og:type\" content=\"article\" \/>\n<meta property=\"og:title\" content=\"\u041a\u043b\u0430\u0441\u0441\u0438\u0447\u0435\u0441\u043a\u0430\u044f \u041a\u0438\u0442\u0430\u0439\u0441\u043a\u0430\u044f \u043c\u0435\u0434\u0438\u0446\u0438\u043d\u0430\" \/>\n<meta property=\"og:description\" content=\"\u0411\u0430\u043d\u043e\u0447\u043d\u044b\u0439 \u043c\u0430\u0441\u0441\u0430\u0436 \u043f\u0440\u0435\u043a\u0440\u0430\u0441\u043d\u043e\u0435 \u0441\u0440\u0435\u0434\u0441\u0442\u0432\u043e \u0432 \u0431\u043e\u0440\u044c\u0431\u0435 \u0441 \u043e\u0441\u0442\u0435\u043e\u0445\u043e\u043d\u0434\u0440\u043e\u0437\u043e\u043c \u0438 \u043e\u0442\u043b\u043e\u0436\u0435\u043d\u0438\u0435\u043c \u0441\u043e\u043b\u0435\u0439. \u041f\u0440\u0438 \u043c\u0430\u0441\u0441\u0430\u0436\u0435 \u043b\u0435\u0447\u0435\u0431\u043d\u044b\u043c\u0438 \u0431\u0430\u043d\u043a\u0430\u043c\u0438 \u043e\u0441\u0443\u0449\u0435\u0441\u0442\u0432\u043b\u044f\u0435\u0442\u0441\u044f \u0433\u043b\u0443\u0431\u043e\u043a\u0430\u044f \u043f\u0440\u043e\u0440\u0430\u0431\u043e\u0442\u043a\u0430 \u0442\u043a\u0430\u043d\u0435\u0439 \u0442\u0435\u043b\u0430.\" \/>\n<meta property=\"og:url\" content=\"https:\/\/mytervis.ee\/ru\/kupu-massaaz\/\" \/>\n<meta property=\"og:site_name\" content=\"MyTervis\" \/>\n<meta property=\"article:publisher\" content=\"https:\/\/www.facebook.com\/mytervis\/\" \/>\n<meta property=\"article:modified_time\" content=\"2025-02-17T21:46:44+00:00\" \/>\n<meta name=\"twitter:card\" content=\"summary_large_image\" \/>\n<meta name=\"twitter:label1\" content=\"\u041f\u0440\u0438\u043c\u0435\u0440\u043d\u043e\u0435 \u0432\u0440\u0435\u043c\u044f \u0434\u043b\u044f \u0447\u0442\u0435\u043d\u0438\u044f\" \/>\n\t<meta name=\"twitter:data1\" content=\"1 \u043c\u0438\u043d\u0443\u0442\u0430\" \/>\n<script type=\"application\/ld+json\" class=\"yoast-schema-graph\">{\"@context\":\"https:\/\/schema.org\",\"@graph\":[{\"@type\":\"WebPage\",\"@id\":\"https:\/\/mytervis.ee\/ru\/kupu-massaaz\/\",\"url\":\"https:\/\/mytervis.ee\/ru\/kupu-massaaz\/\",\"name\":\"\u041a\u043b\u0430\u0441\u0441\u0438\u0447\u0435\u0441\u043a\u0430\u044f \u041a\u0438\u0442\u0430\u0439\u0441\u043a\u0430\u044f \u043c\u0435\u0434\u0438\u0446\u0438\u043d\u0430\",\"isPartOf\":{\"@id\":\"https:\/\/mytervis.ee\/#website\"},\"datePublished\":\"2019-09-29T12:21:15+00:00\",\"dateModified\":\"2025-02-17T21:46:44+00:00\",\"description\":\"\u0411\u0430\u043d\u043e\u0447\u043d\u044b\u0439 \u043c\u0430\u0441\u0441\u0430\u0436 \u043f\u0440\u0435\u043a\u0440\u0430\u0441\u043d\u043e\u0435 \u0441\u0440\u0435\u0434\u0441\u0442\u0432\u043e \u0432 \u0431\u043e\u0440\u044c\u0431\u0435 \u0441 \u043e\u0441\u0442\u0435\u043e\u0445\u043e\u043d\u0434\u0440\u043e\u0437\u043e\u043c \u0438 \u043e\u0442\u043b\u043e\u0436\u0435\u043d\u0438\u0435\u043c \u0441\u043e\u043b\u0435\u0439. \u041f\u0440\u0438 \u043c\u0430\u0441\u0441\u0430\u0436\u0435 \u043b\u0435\u0447\u0435\u0431\u043d\u044b\u043c\u0438 \u0431\u0430\u043d\u043a\u0430\u043c\u0438 \u043e\u0441\u0443\u0449\u0435\u0441\u0442\u0432\u043b\u044f\u0435\u0442\u0441\u044f \u0433\u043b\u0443\u0431\u043e\u043a\u0430\u044f \u043f\u0440\u043e\u0440\u0430\u0431\u043e\u0442\u043a\u0430 \u0442\u043a\u0430\u043d\u0435\u0439 \u0442\u0435\u043b\u0430.\",\"breadcrumb\":{\"@id\":\"https:\/\/mytervis.ee\/ru\/kupu-massaaz\/#breadcrumb\"},\"inLanguage\":\"ru-RU\",\"potentialAction\":[{\"@type\":\"ReadAction\",\"target\":[\"https:\/\/mytervis.ee\/ru\/kupu-massaaz\/\"]}]},{\"@type\":\"BreadcrumbList\",\"@id\":\"https:\/\/mytervis.ee\/ru\/kupu-massaaz\/#breadcrumb\",\"itemListElement\":[{\"@type\":\"ListItem\",\"position\":1,\"name\":\"\u0413\u043b\u0430\u0432\u043d\u0430\u044f \u0441\u0442\u0440\u0430\u043d\u0438\u0446\u0430\",\"item\":\"https:\/\/mytervis.ee\/\"},{\"@type\":\"ListItem\",\"position\":2,\"name\":\"\u041a\u043b\u0430\u0441\u0441\u0438\u0447\u0435\u0441\u043a\u0430\u044f \u041a\u0438\u0442\u0430\u0439\u0441\u043a\u0430\u044f \u043c\u0435\u0434\u0438\u0446\u0438\u043d\u0430\"}]},{\"@type\":\"WebSite\",\"@id\":\"https:\/\/mytervis.ee\/#website\",\"url\":\"https:\/\/mytervis.ee\/\",\"name\":\"MyTervis\",\"description\":\"f\u00fcsioteraapia stuudio\",\"potentialAction\":[{\"@type\":\"SearchAction\",\"target\":{\"@type\":\"EntryPoint\",\"urlTemplate\":\"https:\/\/mytervis.ee\/?s={search_term_string}\"},\"query-input\":{\"@type\":\"PropertyValueSpecification\",\"valueRequired\":true,\"valueName\":\"search_term_string\"}}],\"inLanguage\":\"ru-RU\"}]}<\/script>\n<!-- \/ Yoast SEO plugin. -->","yoast_head_json":{"title":"\u041a\u043b\u0430\u0441\u0441\u0438\u0447\u0435\u0441\u043a\u0430\u044f \u041a\u0438\u0442\u0430\u0439\u0441\u043a\u0430\u044f \u043c\u0435\u0434\u0438\u0446\u0438\u043d\u0430","description":"\u0411\u0430\u043d\u043e\u0447\u043d\u044b\u0439 \u043c\u0430\u0441\u0441\u0430\u0436 \u043f\u0440\u0435\u043a\u0440\u0430\u0441\u043d\u043e\u0435 \u0441\u0440\u0435\u0434\u0441\u0442\u0432\u043e \u0432 \u0431\u043e\u0440\u044c\u0431\u0435 \u0441 \u043e\u0441\u0442\u0435\u043e\u0445\u043e\u043d\u0434\u0440\u043e\u0437\u043e\u043c \u0438 \u043e\u0442\u043b\u043e\u0436\u0435\u043d\u0438\u0435\u043c \u0441\u043e\u043b\u0435\u0439. \u041f\u0440\u0438 \u043c\u0430\u0441\u0441\u0430\u0436\u0435 \u043b\u0435\u0447\u0435\u0431\u043d\u044b\u043c\u0438 \u0431\u0430\u043d\u043a\u0430\u043c\u0438 \u043e\u0441\u0443\u0449\u0435\u0441\u0442\u0432\u043b\u044f\u0435\u0442\u0441\u044f \u0433\u043b\u0443\u0431\u043e\u043a\u0430\u044f \u043f\u0440\u043e\u0440\u0430\u0431\u043e\u0442\u043a\u0430 \u0442\u043a\u0430\u043d\u0435\u0439 \u0442\u0435\u043b\u0430.","robots":{"index":"index","follow":"follow","max-snippet":"max-snippet:-1","max-image-preview":"max-image-preview:large","max-video-preview":"max-video-preview:-1"},"canonical":"https:\/\/mytervis.ee\/ru\/kupu-massaaz\/","og_locale":"ru_RU","og_type":"article","og_title":"[:et]Hiina traditsiooniline meditsiin[:ru]\u041a\u043b\u0430\u0441\u0441\u0438\u0447\u0435\u0441\u043a\u0430\u044f \u041a\u0438\u0442\u0430\u0439\u0441\u043a\u0430\u044f \u043c\u0435\u0434\u0438\u0446\u0438\u043d\u0430[:] - MyTervis","og_description":"[:et]Kupumassaa\u017e on suurep\u00e4rane vahend v\u00f5itluses osteokondroosi ja soolade ladestustega. Ravikuppudega massaa\u017ei korral toimub keha kudede s\u00fcgav l\u00e4bit\u00f6\u00f6tamine.[:ru]\u0411\u0430\u043d\u043e\u0447\u043d\u044b\u0439 \u043c\u0430\u0441\u0441\u0430\u0436 \u043f\u0440\u0435\u043a\u0440\u0430\u0441\u043d\u043e\u0435 \u0441\u0440\u0435\u0434\u0441\u0442\u0432\u043e \u0432 \u0431\u043e\u0440\u044c\u0431\u0435 \u0441 \u043e\u0441\u0442\u0435\u043e\u0445\u043e\u043d\u0434\u0440\u043e\u0437\u043e\u043c \u0438 \u043e\u0442\u043b\u043e\u0436\u0435\u043d\u0438\u0435\u043c \u0441\u043e\u043b\u0435\u0439. \u041f\u0440\u0438 \u043c\u0430\u0441\u0441\u0430\u0436\u0435 \u043b\u0435\u0447\u0435\u0431\u043d\u044b\u043c\u0438 \u0431\u0430\u043d\u043a\u0430\u043c\u0438 \u043e\u0441\u0443\u0449\u0435\u0441\u0442\u0432\u043b\u044f\u0435\u0442\u0441\u044f \u0433\u043b\u0443\u0431\u043e\u043a\u0430\u044f \u043f\u0440\u043e\u0440\u0430\u0431\u043e\u0442\u043a\u0430 \u0442\u043a\u0430\u043d\u0435\u0439 \u0442\u0435\u043b\u0430.[:]","og_url":"https:\/\/mytervis.ee\/ru\/kupu-massaaz\/","og_site_name":"MyTervis","article_publisher":"https:\/\/www.facebook.com\/mytervis\/","article_modified_time":"2025-02-17T21:46:44+00:00","twitter_card":"summary_large_image","twitter_misc":{"\u041f\u0440\u0438\u043c\u0435\u0440\u043d\u043e\u0435 \u0432\u0440\u0435\u043c\u044f \u0434\u043b\u044f \u0447\u0442\u0435\u043d\u0438\u044f":"1 \u043c\u0438\u043d\u0443\u0442\u0430"},"schema":{"@context":"https:\/\/schema.org","@graph":[{"@type":"WebPage","@id":"https:\/\/mytervis.ee\/ru\/kupu-massaaz\/","url":"https:\/\/mytervis.ee\/ru\/kupu-massaaz\/","name":"\u041a\u043b\u0430\u0441\u0441\u0438\u0447\u0435\u0441\u043a\u0430\u044f \u041a\u0438\u0442\u0430\u0439\u0441\u043a\u0430\u044f \u043c\u0435\u0434\u0438\u0446\u0438\u043d\u0430","isPartOf":{"@id":"https:\/\/mytervis.ee\/#website"},"datePublished":"2019-09-29T12:21:15+00:00","dateModified":"2025-02-17T21:46:44+00:00","description":"\u0411\u0430\u043d\u043e\u0447\u043d\u044b\u0439 \u043c\u0430\u0441\u0441\u0430\u0436 \u043f\u0440\u0435\u043a\u0440\u0430\u0441\u043d\u043e\u0435 \u0441\u0440\u0435\u0434\u0441\u0442\u0432\u043e \u0432 \u0431\u043e\u0440\u044c\u0431\u0435 \u0441 \u043e\u0441\u0442\u0435\u043e\u0445\u043e\u043d\u0434\u0440\u043e\u0437\u043e\u043c \u0438 \u043e\u0442\u043b\u043e\u0436\u0435\u043d\u0438\u0435\u043c \u0441\u043e\u043b\u0435\u0439. \u041f\u0440\u0438 \u043c\u0430\u0441\u0441\u0430\u0436\u0435 \u043b\u0435\u0447\u0435\u0431\u043d\u044b\u043c\u0438 \u0431\u0430\u043d\u043a\u0430\u043c\u0438 \u043e\u0441\u0443\u0449\u0435\u0441\u0442\u0432\u043b\u044f\u0435\u0442\u0441\u044f \u0433\u043b\u0443\u0431\u043e\u043a\u0430\u044f \u043f\u0440\u043e\u0440\u0430\u0431\u043e\u0442\u043a\u0430 \u0442\u043a\u0430\u043d\u0435\u0439 \u0442\u0435\u043b\u0430.","breadcrumb":{"@id":"https:\/\/mytervis.ee\/ru\/kupu-massaaz\/#breadcrumb"},"inLanguage":"ru-RU","potentialAction":[{"@type":"ReadAction","target":["https:\/\/mytervis.ee\/ru\/kupu-massaaz\/"]}]},{"@type":"BreadcrumbList","@id":"https:\/\/mytervis.ee\/ru\/kupu-massaaz\/#breadcrumb","itemListElement":[{"@type":"ListItem","position":1,"name":"\u0413\u043b\u0430\u0432\u043d\u0430\u044f \u0441\u0442\u0440\u0430\u043d\u0438\u0446\u0430","item":"https:\/\/mytervis.ee\/"},{"@type":"ListItem","position":2,"name":"\u041a\u043b\u0430\u0441\u0441\u0438\u0447\u0435\u0441\u043a\u0430\u044f \u041a\u0438\u0442\u0430\u0439\u0441\u043a\u0430\u044f \u043c\u0435\u0434\u0438\u0446\u0438\u043d\u0430"}]},{"@type":"WebSite","@id":"https:\/\/mytervis.ee\/#website","url":"https:\/\/mytervis.ee\/","name":"MyTervis","description":"f\u00fcsioteraapia stuudio","potentialAction":[{"@type":"SearchAction","target":{"@type":"EntryPoint","urlTemplate":"https:\/\/mytervis.ee\/?s={search_term_string}"},"query-input":{"@type":"PropertyValueSpecification","valueRequired":true,"valueName":"search_term_string"}}],"inLanguage":"ru-RU"}]}},"_links":{"self":[{"href":"https:\/\/mytervis.ee\/ru\/wp-json\/wp\/v2\/pages\/1218","targetHints":{"allow":["GET"]}}],"collection":[{"href":"https:\/\/mytervis.ee\/ru\/wp-json\/wp\/v2\/pages"}],"about":[{"href":"https:\/\/mytervis.ee\/ru\/wp-json\/wp\/v2\/types\/page"}],"author":[{"embeddable":true,"href":"https:\/\/mytervis.ee\/ru\/wp-json\/wp\/v2\/users\/1"}],"replies":[{"embeddable":true,"href":"https:\/\/mytervis.ee\/ru\/wp-json\/wp\/v2\/comments?post=1218"}],"version-history":[{"count":31,"href":"https:\/\/mytervis.ee\/ru\/wp-json\/wp\/v2\/pages\/1218\/revisions"}],"predecessor-version":[{"id":4531,"href":"https:\/\/mytervis.ee\/ru\/wp-json\/wp\/v2\/pages\/1218\/revisions\/4531"}],"wp:attachment":[{"href":"https:\/\/mytervis.ee\/ru\/wp-json\/wp\/v2\/media?parent=1218"}],"curies":[{"name":"wp","href":"https:\/\/api.w.org\/{rel}","templated":true}]}}